{"id":236,"date":"2023-10-20T02:44:58","date_gmt":"2023-10-20T02:44:58","guid":{"rendered":"https:\/\/demo.bravisthemes.com\/immigway\/?page_id=236"},"modified":"2025-12-29T15:30:20","modified_gmt":"2025-12-29T15:30:20","slug":"lista-tari","status":"publish","type":"page","link":"https:\/\/moldvisa.md\/en\/lista-tari\/","title":{"rendered":"Countries List"},"content":{"rendered":"\t\t<div data-elementor-type=\"wp-page\" data-elementor-id=\"236\" class=\"elementor elementor-236\" data-elementor-post-type=\"page\">\n\t\t\t\t<div class=\"elementor-element elementor-element-fa7a200 e-flex e-con-boxed e-con e-parent \" data-id=\"fa7a200\" data-element_type=\"container\" data-e-type=\"container\">\t\t\t<div class=\"e-con-inner\">\r\n\t\t<div class=\"elementor-element elementor-element-e209827 e-con-full e-flex e-con e-child \" data-id=\"e209827\" data-element_type=\"container\" data-e-type=\"container\">    \t\t<div class=\"elementor-element elementor-element-e69a59f elementor-widget elementor-widget-pxl_heading\" data-id=\"e69a59f\" data-element_type=\"widget\" data-e-type=\"widget\" data-widget_type=\"pxl_heading.default\">\n\t\t\t\t<div class=\"elementor-widget-container\">\n\t\t\t\t\t<div id=\"pxl-pxl_heading-e69a59f-6129\" class=\"pxl-heading px-sub-title-default-style\">\n\t<div class=\"pxl-heading--inner\">\n\t\t\n\t\t\t\t\t<div class=\"pxl-item--subtitle px-sub-title-default pxl-split-text split-in-left\" data-wow-delay=\"ms\">\n\t\t\t\t<span class=\"pxl-item--subtext\">\n\t\t\t\t\t\t\t\t\t\t\t<span class=\"pxl-item--icon pxl-mr-1\">\n\t\t\t\t\t\t\t<i aria-hidden=\"true\" class=\"fas fa-paper-plane\"><\/i>\t\t\t\t\t\t<\/span>\n\t\t\t\t\t\t\t\t\t\tLista t\u0103ri disponibile\t\t\t\t\t<span class=\"pxl-item--subdivider\"><\/span>\n\t\t\t\t<\/span>\n\t\t\t<\/div>\n\t\t\n\t\t<h1 class=\"pxl-item--title pxl-split-text split-in-left\" data-wow-delay=\"ms\">\n\t\t\u021a\u0103rile pentru care oferim asisten\u021b\u0103 pentru ob\u021binerea vizelor\t\t\n\t\t<\/h1>\n\n\t\t\n\t\t\n\t\t\t\t\t\t\t\t\n\t<\/div>\n<\/div>\t\t\t\t<\/div>\n\t\t\t\t<\/div>\n\t\t\t\t<div class=\"elementor-element elementor-element-165e122 elementor-widget elementor-widget-pxl_text_editor\" data-id=\"165e122\" data-element_type=\"widget\" data-e-type=\"widget\" data-widget_type=\"pxl_text_editor.default\">\n\t\t\t\t<div class=\"elementor-widget-container\">\n\t\t\t\t\t<div class=\"pxl-text-editor\">\n\t<div class=\"pxl-item--inner \" data-wow-delay=\"ms\">\n\t\t<p data-start=\"2344\" data-end=\"2472\">Oferim consultan\u021b\u0103 complet\u0103 \u0219i asisten\u021b\u0103 profesional\u0103 pentru ob\u021binerea vizelor c\u0103tre dou\u0103 dintre cele mai solicitate destina\u021bii:<\/p>\t\t\n\t<\/div>\n<\/div>\t\t\t\t<\/div>\n\t\t\t\t<\/div>\n\t\t\t\t<div class=\"elementor-element elementor-element-deac625 pxl-post-layout-country-1 elementor-widget elementor-widget-pxl_post_grid\" data-id=\"deac625\" data-element_type=\"widget\" data-e-type=\"widget\" data-widget_type=\"pxl_post_grid.default\">\n\t\t\t\t<div class=\"elementor-widget-container\">\n\t\t\t\t\t\n<div id=\"pxl_post_grid-deac625-1950\" class=\"pxl-grid pxl-country-grid pxl-country-grid-layout1 pxl-country-style1 pxl-effect--3d style-2\" data-layout=\"masonry\" data-start-page=\"1\" data-max-pages=\"1\" data-total=\"2\" data-perpage=\"8\" data-next-link=\"\">\n    \n    <div class=\"pxl-grid-inner pxl-grid-masonry row\" data-gutter=\"15\">\n                        <div class=\"pxl-grid-item col-xl-6 col-lg-6 col-md-6 col-sm-6 col-12 \">\n                    <div class=\"pxl-item--inner \" data-wow-duration=\"1.2s\">\n\n                        <div class=\"pxl-item-meta\">\n                            <div class=\"wrap-image-flag\">\n                                <img decoding=\"async\" class=\"no-lazyload image-flag \" src=\"https:\/\/moldvisa.md\/wp-content\/uploads\/2023\/10\/uk-59x59.jpg\" width=\"59\" height=\"59\" alt=\"uk\" title=\"uk\" \/>                            <\/div>\n                            <div class=\"wrap-info\">\n                                <a href=\"https:\/\/moldvisa.md\/servicii\/\" class=\"text-visa-service\">Servicii viza<\/a>\n                                <h3 class=\"pxl-item--title\">Marea Britanie<\/h3>\n                            <\/div>\n                        <\/div>\n                        <div class=\"pxl-item--holder\">\n                                                            <ul class=\"multi-text\">\n                                    \n                                        <li class=\"box-multi\">\n                                            <i class=\"far fa-check\"><\/i>\n                                            <p>Tourist Visa<\/p>\n                                        <\/li>\n                                                                            \n                                        <li class=\"box-multi\">\n                                            <i class=\"far fa-check\"><\/i>\n                                            <p>Family Visa<\/p>\n                                        <\/li>\n                                                                            \n                                        <li class=\"box-multi\">\n                                            <i class=\"far fa-check\"><\/i>\n                                            <p>Work Visa<\/p>\n                                        <\/li>\n                                                                            \n                                        <li class=\"box-multi\">\n                                            <i class=\"far fa-check\"><\/i>\n                                            <p>Study Visa<\/p>\n                                        <\/li>\n                                                                            \n                                        <li class=\"box-multi\">\n                                            <i class=\"far fa-check\"><\/i>\n                                            <p>Spouse Visa<\/p>\n                                        <\/li>\n                                                                            \n                                        <li class=\"box-multi\">\n                                            <i class=\"far fa-check\"><\/i>\n                                            <p>Residential Card<\/p>\n                                        <\/li>\n                                                                        <\/ul>\n                                                                                        <a class=\"btn btn-full-width-icon-absolute\" href=\"https:\/\/moldvisa.md\/en\/Country\/marea-britanie\/\">\n                                    <span class=\"btn-readmore--text\">Vezi detalii<\/span>\n                                    <i class=\"caseicon-long-arrow-right-three icon-readmore\"><\/i>\n                                <\/a>\n                                                    <\/div>\n                    <\/div>\n                <\/div>\n                                        <div class=\"pxl-grid-item col-xl-6 col-lg-6 col-md-6 col-sm-6 col-12 \">\n                    <div class=\"pxl-item--inner \" data-wow-duration=\"1.2s\">\n\n                        <div class=\"pxl-item-meta\">\n                            <div class=\"wrap-image-flag\">\n                                <img decoding=\"async\" class=\"no-lazyload image-flag \" src=\"https:\/\/moldvisa.md\/wp-content\/uploads\/2023\/10\/rum_pl_Steag-Irlanda-15473_1-59x59.png\" width=\"59\" height=\"59\" alt=\"rum_pl_Steag-Irlanda-15473_1\" title=\"rum_pl_Steag-Irlanda-15473_1\" \/>                            <\/div>\n                            <div class=\"wrap-info\">\n                                <a href=\"https:\/\/moldvisa.md\/servicii\/\" class=\"text-visa-service\">Servicii viza<\/a>\n                                <h3 class=\"pxl-item--title\">Irlanda<\/h3>\n                            <\/div>\n                        <\/div>\n                        <div class=\"pxl-item--holder\">\n                                                            <ul class=\"multi-text\">\n                                    \n                                        <li class=\"box-multi\">\n                                            <i class=\"far fa-check\"><\/i>\n                                            <p>Tourist Visa<\/p>\n                                        <\/li>\n                                                                            \n                                        <li class=\"box-multi\">\n                                            <i class=\"far fa-check\"><\/i>\n                                            <p>Family Visa<\/p>\n                                        <\/li>\n                                                                            \n                                        <li class=\"box-multi\">\n                                            <i class=\"far fa-check\"><\/i>\n                                            <p>Work Visa<\/p>\n                                        <\/li>\n                                                                            \n                                        <li class=\"box-multi\">\n                                            <i class=\"far fa-check\"><\/i>\n                                            <p>Study Visa<\/p>\n                                        <\/li>\n                                                                            \n                                        <li class=\"box-multi\">\n                                            <i class=\"far fa-check\"><\/i>\n                                            <p>Spouse Visa<\/p>\n                                        <\/li>\n                                                                            \n                                        <li class=\"box-multi\">\n                                            <i class=\"far fa-check\"><\/i>\n                                            <p>Residential Card<\/p>\n                                        <\/li>\n                                                                        <\/ul>\n                                                                                        <a class=\"btn btn-full-width-icon-absolute\" href=\"https:\/\/moldvisa.md\/en\/Country\/irlanda\/\">\n                                    <span class=\"btn-readmore--text\">Vezi detalii<\/span>\n                                    <i class=\"caseicon-long-arrow-right-three icon-readmore\"><\/i>\n                                <\/a>\n                                                    <\/div>\n                    <\/div>\n                <\/div>\n                                <div class=\"grid-sizer col-xl-6 col-lg-6 col-md-6 col-sm-6 col-12\"><\/div>\n    <\/div>\n            <div class=\"pxl-grid-pagination\" data-loadmore=\"{&quot;post_type&quot;:&quot;country&quot;,&quot;layout&quot;:&quot;country-1&quot;,&quot;startPage&quot;:1,&quot;maxPages&quot;:1,&quot;total&quot;:2,&quot;perpage&quot;:8,&quot;nextLink&quot;:&quot;&quot;,&quot;source&quot;:&quot;&quot;,&quot;orderby&quot;:&quot;date&quot;,&quot;order&quot;:&quot;desc&quot;,&quot;limit&quot;:8,&quot;post_ids&quot;:[],&quot;col_xl&quot;:6,&quot;col_lg&quot;:6,&quot;col_md&quot;:6,&quot;col_sm&quot;:6,&quot;col_xs&quot;:12,&quot;show_button&quot;:&quot;true&quot;,&quot;number_multi&quot;:&quot;6&quot;,&quot;button_text&quot;:&quot;Vezi detalii&quot;,&quot;pagination_type&quot;:&quot;pagination&quot;,&quot;img_size&quot;:&quot;&quot;,&quot;grid_masonry&quot;:&quot;&quot;,&quot;pxl_animate&quot;:&quot;&quot;,&quot;tax&quot;:[&quot;country-category&quot;]}\" data-query=\"{&quot;post_type&quot;:&quot;country&quot;,&quot;post_status&quot;:&quot;publish&quot;,&quot;posts_per_page&quot;:8,&quot;order&quot;:&quot;desc&quot;,&quot;orderby&quot;:&quot;date&quot;,&quot;tax_query&quot;:{&quot;relation&quot;:&quot;OR&quot;},&quot;post__not_in&quot;:[236]}\">\n                    <\/div>\n        <\/div>\t\t\t\t<\/div>\n\t\t\t\t<\/div>\n\t\t\t\t<\/div>\r\n\t\t\t\t\t<\/div>\r\n\t\t\t\t<\/div>\r\n\t\t<div class=\"elementor-element elementor-element-06b69ab e-flex e-con-boxed e-con e-parent \" data-id=\"06b69ab\" data-element_type=\"container\" data-e-type=\"container\">\t\t\t<div class=\"e-con-inner\">\r\n\t\t\t\t<div class=\"elementor-element elementor-element-c1d5de6 elementor-widget elementor-widget-pxl_text_editor\" data-id=\"c1d5de6\" data-element_type=\"widget\" data-e-type=\"widget\" data-widget_type=\"pxl_text_editor.default\">\n\t\t\t\t<div class=\"elementor-widget-container\">\n\t\t\t\t\t<div class=\"pxl-text-editor\">\n\t<div class=\"pxl-item--inner \" data-wow-delay=\"ms\">\n\t\t<p>Pentru fiecare \u021bar\u0103 punem la dispozi\u021bie toate tipurile de viz\u0103: Tourist, Family, Work, Study, Spouse \u0219i Residential Card.<\/p>\t\t\n\t<\/div>\n<\/div>\t\t\t\t<\/div>\n\t\t\t\t<\/div>\n\t\t\t\t\t<\/div>\r\n\t\t\t\t<\/div>\r\n\t\t\t\t<\/div>\n\t\t","protected":false},"excerpt":{"rendered":"<p>Lista t\u0103ri disponibile \u021a\u0103rile pentru care oferim asisten\u021b\u0103 pentru ob\u021binerea vizelor Oferim consultan\u021b\u0103 complet\u0103 \u0219i asisten\u021b\u0103 profesional\u0103 pentru ob\u021binerea vizelor c\u0103tre dou\u0103 dintre cele mai solicitate destina\u021bii: Servicii visa Marea Britanie Tourist Visa Family Visa Work Visa Study Visa Spouse Visa Residential Card Vezi detalii Servicii visa Irlanda Tourist Visa Family Visa Work Visa Study [&hellip;]<\/p>\n","protected":false},"author":1,"featured_media":0,"parent":0,"menu_order":0,"comment_status":"closed","ping_status":"closed","template":"","meta":{"footnotes":""},"class_list":["post-236","page","type-page","status-publish","hentry"],"yoast_head":"<!-- This site is optimized with the Yoast SEO plugin v27.2 - https:\/\/yoast.com\/product\/yoast-seo-wordpress\/ -->\n<title>Lista \u021b\u0103ri - Moldvisa.md - agen\u021bie de consultan\u021b\u0103 \u00een domeniul solicit\u0103rii vizelor pentru Marea Britanie \u0219i Irlanda<\/title>\n<meta name=\"description\" content=\"Moldvisa - agen\u021bie de consultan\u021b\u0103 \u00een domeniul solicit\u0103rii vizelor pentru Marea Britanie \u0219i Irlanda\" \/>\n<meta name=\"robots\" content=\"index, follow, max-snippet:-1, max-image-preview:large, max-video-preview:-1\" \/>\n<link rel=\"canonical\" href=\"https:\/\/moldvisa.md\/en\/lista-tari\/\" \/>\n<meta property=\"og:locale\" content=\"en_GB\" \/>\n<meta property=\"og:type\" content=\"article\" \/>\n<meta property=\"og:title\" content=\"Lista \u021b\u0103ri - Moldvisa.md - agen\u021bie de consultan\u021b\u0103 \u00een domeniul solicit\u0103rii vizelor pentru Marea Britanie \u0219i Irlanda\" \/>\n<meta property=\"og:description\" content=\"Moldvisa - agen\u021bie de consultan\u021b\u0103 \u00een domeniul solicit\u0103rii vizelor pentru Marea Britanie \u0219i Irlanda\" \/>\n<meta property=\"og:url\" content=\"https:\/\/moldvisa.md\/en\/lista-tari\/\" \/>\n<meta property=\"og:site_name\" content=\"Moldvisa.md\" \/>\n<meta property=\"article:publisher\" content=\"https:\/\/www.facebook.com\/moldvisa\" \/>\n<meta property=\"article:modified_time\" content=\"2025-12-29T15:30:20+00:00\" \/>\n<meta property=\"og:image\" content=\"https:\/\/moldvisa.md\/wp-content\/uploads\/2023\/10\/uk-59x59.jpg\" \/>\n<meta name=\"twitter:card\" content=\"summary_large_image\" \/>\n<meta name=\"twitter:label1\" content=\"Estimated reading time\" \/>\n\t<meta name=\"twitter:data1\" content=\"2 minutes\" \/>\n<script type=\"application\/ld+json\" class=\"yoast-schema-graph\">{\"@context\":\"https:\/\/schema.org\",\"@graph\":[{\"@type\":\"WebPage\",\"@id\":\"https:\/\/moldvisa.md\/lista-tari\/\",\"url\":\"https:\/\/moldvisa.md\/lista-tari\/\",\"name\":\"Lista \u021b\u0103ri - Moldvisa.md - agen\u021bie de consultan\u021b\u0103 \u00een domeniul solicit\u0103rii vizelor pentru Marea Britanie \u0219i Irlanda\",\"isPartOf\":{\"@id\":\"https:\/\/moldvisa.md\/#website\"},\"primaryImageOfPage\":{\"@id\":\"https:\/\/moldvisa.md\/lista-tari\/#primaryimage\"},\"image\":{\"@id\":\"https:\/\/moldvisa.md\/lista-tari\/#primaryimage\"},\"thumbnailUrl\":\"https:\/\/moldvisa.md\/wp-content\/uploads\/2023\/10\/uk-59x59.jpg\",\"datePublished\":\"2023-10-20T02:44:58+00:00\",\"dateModified\":\"2025-12-29T15:30:20+00:00\",\"description\":\"Moldvisa - agen\u021bie de consultan\u021b\u0103 \u00een domeniul solicit\u0103rii vizelor pentru Marea Britanie \u0219i Irlanda\",\"breadcrumb\":{\"@id\":\"https:\/\/moldvisa.md\/lista-tari\/#breadcrumb\"},\"inLanguage\":\"en-GB\",\"potentialAction\":[{\"@type\":\"ReadAction\",\"target\":[\"https:\/\/moldvisa.md\/lista-tari\/\"]}]},{\"@type\":\"ImageObject\",\"inLanguage\":\"en-GB\",\"@id\":\"https:\/\/moldvisa.md\/lista-tari\/#primaryimage\",\"url\":\"https:\/\/moldvisa.md\/wp-content\/uploads\/2023\/10\/uk-59x59.jpg\",\"contentUrl\":\"https:\/\/moldvisa.md\/wp-content\/uploads\/2023\/10\/uk-59x59.jpg\"},{\"@type\":\"BreadcrumbList\",\"@id\":\"https:\/\/moldvisa.md\/lista-tari\/#breadcrumb\",\"itemListElement\":[{\"@type\":\"ListItem\",\"position\":1,\"name\":\"Home\",\"item\":\"https:\/\/moldvisa.md\/\"},{\"@type\":\"ListItem\",\"position\":2,\"name\":\"Lista \u021b\u0103ri\"}]},{\"@type\":\"WebSite\",\"@id\":\"https:\/\/moldvisa.md\/#website\",\"url\":\"https:\/\/moldvisa.md\/\",\"name\":\"Moldvisa.md\",\"description\":\"Moldvisa - agen\u021bie de consultan\u021b\u0103 \u00een domeniul solicit\u0103rii vizelor pentru Marea Britanie \u0219i Irlanda\",\"publisher\":{\"@id\":\"https:\/\/moldvisa.md\/#organization\"},\"alternateName\":\"Moldvisa\",\"potentialAction\":[{\"@type\":\"SearchAction\",\"target\":{\"@type\":\"EntryPoint\",\"urlTemplate\":\"https:\/\/moldvisa.md\/?s={search_term_string}\"},\"query-input\":{\"@type\":\"PropertyValueSpecification\",\"valueRequired\":true,\"valueName\":\"search_term_string\"}}],\"inLanguage\":\"en-GB\"},{\"@type\":\"Organization\",\"@id\":\"https:\/\/moldvisa.md\/#organization\",\"name\":\"Moldvisa.md\",\"alternateName\":\"Moldvisa - agen\u021bie de consultan\u021b\u0103 \u00een domeniul solicit\u0103rii vizelor pentru Marea Britanie \u0219i Irlanda\",\"url\":\"https:\/\/moldvisa.md\/\",\"logo\":{\"@type\":\"ImageObject\",\"inLanguage\":\"en-GB\",\"@id\":\"https:\/\/moldvisa.md\/#\/schema\/logo\/image\/\",\"url\":\"https:\/\/moldvisa.md\/wp-content\/uploads\/2025\/10\/logo.jpg\",\"contentUrl\":\"https:\/\/moldvisa.md\/wp-content\/uploads\/2025\/10\/logo.jpg\",\"width\":1200,\"height\":1200,\"caption\":\"Moldvisa.md\"},\"image\":{\"@id\":\"https:\/\/moldvisa.md\/#\/schema\/logo\/image\/\"},\"sameAs\":[\"https:\/\/www.facebook.com\/moldvisa\",\"https:\/\/www.instagram.com\/moldvisa\/\",\"https:\/\/t.me\/+37379522670\",\"https:\/\/wa.me\/37379522670\"]}]}<\/script>\n<!-- \/ Yoast SEO plugin. -->","yoast_head_json":{"title":"Lista \u021b\u0103ri - Moldvisa.md - agen\u021bie de consultan\u021b\u0103 \u00een domeniul solicit\u0103rii vizelor pentru Marea Britanie \u0219i Irlanda","description":"Moldvisa - agen\u021bie de consultan\u021b\u0103 \u00een domeniul solicit\u0103rii vizelor pentru Marea Britanie \u0219i Irlanda","robots":{"index":"index","follow":"follow","max-snippet":"max-snippet:-1","max-image-preview":"max-image-preview:large","max-video-preview":"max-video-preview:-1"},"canonical":"https:\/\/moldvisa.md\/en\/lista-tari\/","og_locale":"en_GB","og_type":"article","og_title":"Lista \u021b\u0103ri - Moldvisa.md - agen\u021bie de consultan\u021b\u0103 \u00een domeniul solicit\u0103rii vizelor pentru Marea Britanie \u0219i Irlanda","og_description":"Moldvisa - agen\u021bie de consultan\u021b\u0103 \u00een domeniul solicit\u0103rii vizelor pentru Marea Britanie \u0219i Irlanda","og_url":"https:\/\/moldvisa.md\/en\/lista-tari\/","og_site_name":"Moldvisa.md","article_publisher":"https:\/\/www.facebook.com\/moldvisa","article_modified_time":"2025-12-29T15:30:20+00:00","og_image":[{"url":"https:\/\/moldvisa.md\/wp-content\/uploads\/2023\/10\/uk-59x59.jpg","type":"","width":"","height":""}],"twitter_card":"summary_large_image","twitter_misc":{"Estimated reading time":"2 minutes"},"schema":{"@context":"https:\/\/schema.org","@graph":[{"@type":"WebPage","@id":"https:\/\/moldvisa.md\/lista-tari\/","url":"https:\/\/moldvisa.md\/lista-tari\/","name":"Lista \u021b\u0103ri - Moldvisa.md - agen\u021bie de consultan\u021b\u0103 \u00een domeniul solicit\u0103rii vizelor pentru Marea Britanie \u0219i Irlanda","isPartOf":{"@id":"https:\/\/moldvisa.md\/#website"},"primaryImageOfPage":{"@id":"https:\/\/moldvisa.md\/lista-tari\/#primaryimage"},"image":{"@id":"https:\/\/moldvisa.md\/lista-tari\/#primaryimage"},"thumbnailUrl":"https:\/\/moldvisa.md\/wp-content\/uploads\/2023\/10\/uk-59x59.jpg","datePublished":"2023-10-20T02:44:58+00:00","dateModified":"2025-12-29T15:30:20+00:00","description":"Moldvisa - agen\u021bie de consultan\u021b\u0103 \u00een domeniul solicit\u0103rii vizelor pentru Marea Britanie \u0219i Irlanda","breadcrumb":{"@id":"https:\/\/moldvisa.md\/lista-tari\/#breadcrumb"},"inLanguage":"en-GB","potentialAction":[{"@type":"ReadAction","target":["https:\/\/moldvisa.md\/lista-tari\/"]}]},{"@type":"ImageObject","inLanguage":"en-GB","@id":"https:\/\/moldvisa.md\/lista-tari\/#primaryimage","url":"https:\/\/moldvisa.md\/wp-content\/uploads\/2023\/10\/uk-59x59.jpg","contentUrl":"https:\/\/moldvisa.md\/wp-content\/uploads\/2023\/10\/uk-59x59.jpg"},{"@type":"BreadcrumbList","@id":"https:\/\/moldvisa.md\/lista-tari\/#breadcrumb","itemListElement":[{"@type":"ListItem","position":1,"name":"Home","item":"https:\/\/moldvisa.md\/"},{"@type":"ListItem","position":2,"name":"Lista \u021b\u0103ri"}]},{"@type":"WebSite","@id":"https:\/\/moldvisa.md\/#website","url":"https:\/\/moldvisa.md\/","name":"Moldvisa.md","description":"Moldvisa - agen\u021bie de consultan\u021b\u0103 \u00een domeniul solicit\u0103rii vizelor pentru Marea Britanie \u0219i Irlanda","publisher":{"@id":"https:\/\/moldvisa.md\/#organization"},"alternateName":"Moldvisa","potentialAction":[{"@type":"SearchAction","target":{"@type":"EntryPoint","urlTemplate":"https:\/\/moldvisa.md\/?s={search_term_string}"},"query-input":{"@type":"PropertyValueSpecification","valueRequired":true,"valueName":"search_term_string"}}],"inLanguage":"en-GB"},{"@type":"Organization","@id":"https:\/\/moldvisa.md\/#organization","name":"Moldvisa.md","alternateName":"Moldvisa - agen\u021bie de consultan\u021b\u0103 \u00een domeniul solicit\u0103rii vizelor pentru Marea Britanie \u0219i Irlanda","url":"https:\/\/moldvisa.md\/","logo":{"@type":"ImageObject","inLanguage":"en-GB","@id":"https:\/\/moldvisa.md\/#\/schema\/logo\/image\/","url":"https:\/\/moldvisa.md\/wp-content\/uploads\/2025\/10\/logo.jpg","contentUrl":"https:\/\/moldvisa.md\/wp-content\/uploads\/2025\/10\/logo.jpg","width":1200,"height":1200,"caption":"Moldvisa.md"},"image":{"@id":"https:\/\/moldvisa.md\/#\/schema\/logo\/image\/"},"sameAs":["https:\/\/www.facebook.com\/moldvisa","https:\/\/www.instagram.com\/moldvisa\/","https:\/\/t.me\/+37379522670","https:\/\/wa.me\/37379522670"]}]}},"_links":{"self":[{"href":"https:\/\/moldvisa.md\/en\/wp-json\/wp\/v2\/pages\/236","targetHints":{"allow":["GET"]}}],"collection":[{"href":"https:\/\/moldvisa.md\/en\/wp-json\/wp\/v2\/pages"}],"about":[{"href":"https:\/\/moldvisa.md\/en\/wp-json\/wp\/v2\/types\/page"}],"author":[{"embeddable":true,"href":"https:\/\/moldvisa.md\/en\/wp-json\/wp\/v2\/users\/1"}],"replies":[{"embeddable":true,"href":"https:\/\/moldvisa.md\/en\/wp-json\/wp\/v2\/comments?post=236"}],"version-history":[{"count":3,"href":"https:\/\/moldvisa.md\/en\/wp-json\/wp\/v2\/pages\/236\/revisions"}],"predecessor-version":[{"id":6385,"href":"https:\/\/moldvisa.md\/en\/wp-json\/wp\/v2\/pages\/236\/revisions\/6385"}],"wp:attachment":[{"href":"https:\/\/moldvisa.md\/en\/wp-json\/wp\/v2\/media?parent=236"}],"curies":[{"name":"wp","href":"https:\/\/api.w.org\/{rel}","templated":true}]}}