{"id":249,"date":"2023-10-20T02:47:53","date_gmt":"2023-10-20T02:47:53","guid":{"rendered":"https:\/\/demo.bravisthemes.com\/immigway\/?page_id=249"},"modified":"2025-12-12T22:33:28","modified_gmt":"2025-12-12T22:33:28","slug":"obtine-o-consultanta","status":"publish","type":"page","link":"https:\/\/moldvisa.md\/en\/obtine-o-consultanta\/","title":{"rendered":"Get a consultation"},"content":{"rendered":"<div data-elementor-type=\"wp-page\" data-elementor-id=\"249\" class=\"elementor elementor-249\" data-elementor-post-type=\"page\">\n\t\t\t\t        <section class=\"elementor-section elementor-top-section elementor-element elementor-element-e335698 elementor-section-stretched elementor-reverse-tablet elementor-reverse-mobile_extra elementor-reverse-mobile elementor-section-boxed elementor-section-height-default elementor-section-height-default pxl-row-scroll-none pxl-section-overflow-visible pxl-bg-color-none pxl-section-overlay-none\" data-id=\"e335698\" data-element_type=\"section\" data-e-type=\"section\" data-settings=\"{&quot;stretch_section&quot;:&quot;section-stretched&quot;}\">\n\n                \n                <div class=\"elementor-container elementor-column-gap-extended\">\n                <div class=\"elementor-column elementor-col-50 elementor-top-column elementor-element elementor-element-16ff260 pxl-column-none\" data-id=\"16ff260\" data-element_type=\"column\" data-e-type=\"column\">\r\n        <div class=\"elementor-widget-wrap elementor-element-populated\">\r\n                     \r\n            \t\t<div class=\"elementor-element elementor-element-3bf9dd5 elementor-widget elementor-widget-pxl_heading\" data-id=\"3bf9dd5\" data-element_type=\"widget\" data-e-type=\"widget\" data-widget_type=\"pxl_heading.default\">\n\t\t\t\t<div class=\"elementor-widget-container\">\n\t\t\t\t\t<div id=\"pxl-pxl_heading-3bf9dd5-7038\" class=\"pxl-heading px-sub-title-default-style\">\n\t<div class=\"pxl-heading--inner\">\n\t\t\n\t\t\t\t\t<div class=\"pxl-item--subtitle px-sub-title-default\" data-wow-delay=\"ms\">\n\t\t\t\t<span class=\"pxl-item--subtext\">\n\t\t\t\t\t\t\t\t\t\t\t<span class=\"pxl-item--icon pxl-mr-1\">\n\t\t\t\t\t\t\t<i aria-hidden=\"true\" class=\"fas fa-paper-plane\"><\/i>\t\t\t\t\t\t<\/span>\n\t\t\t\t\t\t\t\t\t\tMake Appointment\t\t\t\t\t<span class=\"pxl-item--subdivider\"><\/span>\n\t\t\t\t<\/span>\n\t\t\t<\/div>\n\t\t\n\t\t<h1 class=\"pxl-item--title\" data-wow-delay=\"ms\">\n\t\tOb\u021bine o consultan\u021b\u0103 gratui\u0103\t\t\n\t\t<\/h1>\n\n\t\t\n\t\t\n\t\t\t\t\t\t\t\t\n\t<\/div>\n<\/div>\t\t\t\t<\/div>\n\t\t\t\t<\/div>\n\t\t\t\t<div class=\"elementor-element elementor-element-c97a0c4 elementor-widget elementor-widget-pxl_banner_box\" data-id=\"c97a0c4\" data-element_type=\"widget\" data-e-type=\"widget\" data-widget_type=\"pxl_banner_box.default\">\n\t\t\t\t<div class=\"elementor-widget-container\">\n\t\t\t\t\t\r\n\r\n<div class=\"pxl-banner pxl-banner2\">\r\n\t<div class=\"pxl-banner-inner\" style=\"background-image: url('https:\/\/moldvisa.md\/wp-content\/uploads\/2023\/10\/Business-Visa.jpg')\">\r\n\t\t\t\t\t<h4 class=\"pxl-banner-title\">Have any questions?<\/h4>\r\n\t\t\t<span class=\"pxl-banner-desc\">24\/7 customer support is always ready to answer all your questions<\/span>\r\n\t\t\t<a class=\"btn btn-nanuk btn-w-auto\" href=\"https:\/\/moldvisa.md\/en\/faq\/\">\r\n\t\t\t\t<span class=\"pxl--btn-text\" data-text=\"Ask Here\">\r\n\t\t\t\t\t<span>A<\/span><span>s<\/span><span>k<\/span><span class=\"spacer\">&nbsp;<\/span><span>H<\/span><span>e<\/span><span>r<\/span><span>e<\/span>\t\t\t\t<\/span>\r\n\r\n\t\t\t<\/a>\r\n\t\t\t<\/div>\r\n<\/div>\t\t\t\t<\/div>\n\t\t\t\t<\/div>\n\t\t            <\/div>\r\n        <\/div>\r\n                <div class=\"elementor-column elementor-col-50 elementor-top-column elementor-element elementor-element-e4aa32b pxl-column-none\" data-id=\"e4aa32b\" data-element_type=\"column\" data-e-type=\"column\">\r\n        <div class=\"elementor-widget-wrap elementor-element-populated\">\r\n                     \r\n        \t\t<div class=\"elementor-element elementor-element-6555fe1 elementor-widget elementor-widget-pxl_text_editor\" data-id=\"6555fe1\" data-element_type=\"widget\" data-e-type=\"widget\" data-widget_type=\"pxl_text_editor.default\">\n\t\t\t\t<div class=\"elementor-widget-container\">\n\t\t\t\t\t<div class=\"pxl-text-editor\">\n\t<div class=\"pxl-item--inner\" data-wow-delay=\"ms\">\n\t\t<p>Completeaza formularul pentru a v\u0103 \u00eenregistra la o consulta\u021bie gratuit\u0103.<\/p>\t\t\n\t<\/div>\n<\/div>\t\t\t\t<\/div>\n\t\t\t\t<\/div>\n\t\t\t\t<div class=\"elementor-element elementor-element-aab5d06 elementor-widget elementor-widget-pxl_contact_form\" data-id=\"aab5d06\" data-element_type=\"widget\" data-e-type=\"widget\" data-widget_type=\"pxl_contact_form.default\">\n\t\t\t\t<div class=\"elementor-widget-container\">\n\t\t\t\t\t    <div class=\"pxl-contact-form pxl-contact-form1 btn-w-auto\" data-wow-delay=\"ms\">\r\n        \n<div class=\"wpcf7 no-js\" id=\"wpcf7-f1121-o1\" lang=\"en-US\" dir=\"ltr\" data-wpcf7-id=\"1121\">\n<div class=\"screen-reader-response\"><p role=\"status\" aria-live=\"polite\" aria-atomic=\"true\"><\/p> <ul><\/ul><\/div>\n<form action=\"\/en\/wp-json\/wp\/v2\/pages\/249#wpcf7-f1121-o1\" method=\"post\" class=\"wpcf7-form init\" aria-label=\"Contact form\" novalidate=\"novalidate\" data-status=\"init\" data-trp-original-action=\"\/en\/wp-json\/wp\/v2\/pages\/249#wpcf7-f1121-o1\">\n<fieldset class=\"hidden-fields-container\"><input type=\"hidden\" name=\"_wpcf7\" value=\"1121\" \/><input type=\"hidden\" name=\"_wpcf7_version\" value=\"6.1.5\" \/><input type=\"hidden\" name=\"_wpcf7_locale\" value=\"en_US\" \/><input type=\"hidden\" name=\"_wpcf7_unit_tag\" value=\"wpcf7-f1121-o1\" \/><input type=\"hidden\" name=\"_wpcf7_container_post\" value=\"0\" \/><input type=\"hidden\" name=\"_wpcf7_posted_data_hash\" value=\"\" \/>\n<\/fieldset>\n<div class=\"row\">\n\t<div class=\"col-lg-6 col-md-6 col-sm-12\">\n\t\t<div class=\"pxl--item\">\n\t\t\t<p><span class=\"wpcf7-form-control-wrap\" data-name=\"your-name\"><input size=\"40\" maxlength=\"400\" class=\"wpcf7-form-control wpcf7-text wpcf7-validates-as-required\" aria-required=\"true\" aria-invalid=\"false\" placeholder=\"Last name, First name\" value=\"\" type=\"text\" name=\"your-name\" \/><\/span>\n\t\t\t<\/p>\n\t\t<\/div>\n\t<\/div>\n\t<div class=\"col-lg-6 col-md-6 col-sm-12\">\n\t\t<div class=\"pxl--item\">\n\t\t\t<p><span class=\"wpcf7-form-control-wrap\" data-name=\"your-phone\"><input size=\"40\" maxlength=\"400\" class=\"wpcf7-form-control wpcf7-text wpcf7-validates-as-required\" aria-required=\"true\" aria-invalid=\"false\" placeholder=\"Phone\" value=\"\" type=\"text\" name=\"your-phone\" \/><\/span>\n\t\t\t<\/p>\n\t\t<\/div>\n\t<\/div>\n<\/div>\n<div class=\"row\">\n\t<div class=\"col-lg-6 col-md-6 col-sm-12\">\n\t\t<div class=\"pxl--item\">\n\t\t\t<p><span class=\"wpcf7-form-control-wrap\" data-name=\"your-email\"><input size=\"40\" maxlength=\"400\" class=\"wpcf7-form-control wpcf7-email wpcf7-validates-as-required wpcf7-text wpcf7-validates-as-email\" aria-required=\"true\" aria-invalid=\"false\" placeholder=\"E-mail\" value=\"\" type=\"email\" name=\"your-email\" \/><\/span>\n\t\t\t<\/p>\n\t\t<\/div>\n\t<\/div>\n\t<div class=\"col-xl-6 col-lg-6 col-md-12 col-sm-12\">\n\t\t<div class=\"pxl--item pxl-date-time\">\n\t\t\t<p><span class=\"wpcf7-form-control-wrap\" data-name=\"data-time\"><input size=\"40\" maxlength=\"400\" class=\"wpcf7-form-control wpcf7-text wpcf7-validates-as-required\" aria-required=\"true\" aria-invalid=\"false\" placeholder=\"Selecteaz\u0103 data \u0219i ora potrivit\u0103\" value=\"\" type=\"text\" name=\"data-time\" \/><\/span>\n\t\t\t<\/p>\n\t\t<\/div>\n\t<\/div>\n<\/div>\n<div class=\"pxl--item\">\n\t<p><span class=\"wpcf7-form-control-wrap\" data-name=\"your-message\"><textarea cols=\"40\" rows=\"10\" maxlength=\"2000\" class=\"wpcf7-form-control wpcf7-textarea wpcf7-validates-as-required\" aria-required=\"true\" aria-invalid=\"false\" placeholder=\"Message\" name=\"your-message\"><\/textarea><\/span>\n\t<\/p>\n<\/div>\n<div class=\"row\">\n\t<div class=\"col-xl-12 col-lg-12 col-md-12 col-sm-12\">\n\t\t<div class=\"pxl--item input-filled\">\n\t\t\t<p><span class=\"wpcf7-form-control-wrap\" data-name=\"radio-default\"><span class=\"wpcf7-form-control wpcf7-radio\"><span class=\"wpcf7-list-item first\"><label><input type=\"radio\" name=\"radio-default\" value=\"Family Visa\" checked=\"checked\" \/><span class=\"wpcf7-list-item-label\">Family Visa<\/span><\/label><\/span><span class=\"wpcf7-list-item\"><label><input type=\"radio\" name=\"radio-default\" value=\"Tourist Visa\" \/><span class=\"wpcf7-list-item-label\">Tourist Visa<\/span><\/label><\/span><span class=\"wpcf7-list-item\"><label><input type=\"radio\" name=\"radio-default\" value=\"Student Visa\" \/><span class=\"wpcf7-list-item-label\">Student Visa<\/span><\/label><\/span><span class=\"wpcf7-list-item\"><label><input type=\"radio\" name=\"radio-default\" value=\"Work Visa\" \/><span class=\"wpcf7-list-item-label\">Work Visa<\/span><\/label><\/span><span class=\"wpcf7-list-item\"><label><input type=\"radio\" name=\"radio-default\" value=\"Spouse Visa\" \/><span class=\"wpcf7-list-item-label\">Spouse Visa<\/span><\/label><\/span><span class=\"wpcf7-list-item\"><label><input type=\"radio\" name=\"radio-default\" value=\"Rezident Card\" \/><span class=\"wpcf7-list-item-label\">Rezident Card<\/span><\/label><\/span><span class=\"wpcf7-list-item last\"><label><input type=\"radio\" name=\"radio-default\" value=\"Altceva\" \/><span class=\"wpcf7-list-item-label\">Altceva<\/span><\/label><\/span><\/span><\/span>\n\t\t\t<\/p>\n\t\t<\/div>\n\t<\/div>\n<\/div>\n<div class=\"pxl--item pxl-text-center\">\n\t<p><button type=\"submit\" class=\"wpcf7-submit btn btn-skew\"><span>Trimite solicitarea<\/span><\/button>\n\t<\/p>\n<\/div><div class=\"wpcf7-response-output\" aria-hidden=\"true\"><\/div>\n<input type=\"hidden\" name=\"trp-form-language\" value=\"en\"\/><\/form>\n<\/div>\n    <\/div>\r\n\t\t\t\t<\/div>\n\t\t\t\t<\/div>\n\t\t            <\/div>\r\n        <\/div>\r\n        \t\t\t<\/div>\n\t\t<\/section>\n\t\t\t\t<\/div>","protected":false},"excerpt":{"rendered":"<p>Make Appointment Ob\u021bine o consultan\u021b\u0103 gratui\u0103 Have any questions? 24\/7 customer support is always ready to answer all your questions Ask&nbsp;Here Completeaza formularul pentru a v\u0103 \u00eenregistra la o consulta\u021bie gratuit\u0103. Family VisaTourist VisaStudent VisaWork VisaSpouse VisaRezident CardAltceva Trimite solicitarea<\/p>","protected":false},"author":1,"featured_media":0,"parent":0,"menu_order":0,"comment_status":"closed","ping_status":"closed","template":"","meta":{"footnotes":""},"class_list":["post-249","page","type-page","status-publish","hentry"],"yoast_head":"<!-- This site is optimized with the Yoast SEO plugin v27.2 - https:\/\/yoast.com\/product\/yoast-seo-wordpress\/ -->\n<title>Ob\u021bine o consultan\u021b\u0103 - Moldvisa.md - agen\u021bie de consultan\u021b\u0103 \u00een domeniul solicit\u0103rii vizelor pentru Marea Britanie \u0219i Irlanda<\/title>\n<meta name=\"description\" content=\"Moldvisa - agen\u021bie de consultan\u021b\u0103 \u00een domeniul solicit\u0103rii vizelor pentru Marea Britanie \u0219i Irlanda\" \/>\n<meta name=\"robots\" content=\"index, follow, max-snippet:-1, max-image-preview:large, max-video-preview:-1\" \/>\n<link rel=\"canonical\" href=\"https:\/\/moldvisa.md\/en\/obtine-o-consultanta\/\" \/>\n<meta property=\"og:locale\" content=\"en_GB\" \/>\n<meta property=\"og:type\" content=\"article\" \/>\n<meta property=\"og:title\" content=\"Ob\u021bine o consultan\u021b\u0103 - Moldvisa.md - agen\u021bie de consultan\u021b\u0103 \u00een domeniul solicit\u0103rii vizelor pentru Marea Britanie \u0219i Irlanda\" \/>\n<meta property=\"og:description\" content=\"Moldvisa - agen\u021bie de consultan\u021b\u0103 \u00een domeniul solicit\u0103rii vizelor pentru Marea Britanie \u0219i Irlanda\" \/>\n<meta property=\"og:url\" content=\"https:\/\/moldvisa.md\/en\/obtine-o-consultanta\/\" \/>\n<meta property=\"og:site_name\" content=\"Moldvisa.md\" \/>\n<meta property=\"article:publisher\" content=\"https:\/\/www.facebook.com\/moldvisa\" \/>\n<meta property=\"article:modified_time\" content=\"2025-12-12T22:33:28+00:00\" \/>\n<meta property=\"og:image\" content=\"https:\/\/moldvisa.md\/wp-content\/uploads\/2025\/10\/logo.jpg\" \/>\n\t<meta property=\"og:image:width\" content=\"1200\" \/>\n\t<meta property=\"og:image:height\" content=\"1200\" \/>\n\t<meta property=\"og:image:type\" content=\"image\/jpeg\" \/>\n<meta name=\"twitter:card\" content=\"summary_large_image\" \/>\n<script type=\"application\/ld+json\" class=\"yoast-schema-graph\">{\"@context\":\"https:\/\/schema.org\",\"@graph\":[{\"@type\":\"WebPage\",\"@id\":\"https:\/\/moldvisa.md\/obtine-o-consultanta\/\",\"url\":\"https:\/\/moldvisa.md\/obtine-o-consultanta\/\",\"name\":\"Ob\u021bine o consultan\u021b\u0103 - Moldvisa.md - agen\u021bie de consultan\u021b\u0103 \u00een domeniul solicit\u0103rii vizelor pentru Marea Britanie \u0219i Irlanda\",\"isPartOf\":{\"@id\":\"https:\/\/moldvisa.md\/#website\"},\"datePublished\":\"2023-10-20T02:47:53+00:00\",\"dateModified\":\"2025-12-12T22:33:28+00:00\",\"description\":\"Moldvisa - agen\u021bie de consultan\u021b\u0103 \u00een domeniul solicit\u0103rii vizelor pentru Marea Britanie \u0219i Irlanda\",\"breadcrumb\":{\"@id\":\"https:\/\/moldvisa.md\/obtine-o-consultanta\/#breadcrumb\"},\"inLanguage\":\"en-GB\",\"potentialAction\":[{\"@type\":\"ReadAction\",\"target\":[\"https:\/\/moldvisa.md\/obtine-o-consultanta\/\"]}]},{\"@type\":\"BreadcrumbList\",\"@id\":\"https:\/\/moldvisa.md\/obtine-o-consultanta\/#breadcrumb\",\"itemListElement\":[{\"@type\":\"ListItem\",\"position\":1,\"name\":\"Home\",\"item\":\"https:\/\/moldvisa.md\/\"},{\"@type\":\"ListItem\",\"position\":2,\"name\":\"Ob\u021bine o consultan\u021b\u0103\"}]},{\"@type\":\"WebSite\",\"@id\":\"https:\/\/moldvisa.md\/#website\",\"url\":\"https:\/\/moldvisa.md\/\",\"name\":\"Moldvisa.md\",\"description\":\"Moldvisa - agen\u021bie de consultan\u021b\u0103 \u00een domeniul solicit\u0103rii vizelor pentru Marea Britanie \u0219i Irlanda\",\"publisher\":{\"@id\":\"https:\/\/moldvisa.md\/#organization\"},\"alternateName\":\"Moldvisa\",\"potentialAction\":[{\"@type\":\"SearchAction\",\"target\":{\"@type\":\"EntryPoint\",\"urlTemplate\":\"https:\/\/moldvisa.md\/?s={search_term_string}\"},\"query-input\":{\"@type\":\"PropertyValueSpecification\",\"valueRequired\":true,\"valueName\":\"search_term_string\"}}],\"inLanguage\":\"en-GB\"},{\"@type\":\"Organization\",\"@id\":\"https:\/\/moldvisa.md\/#organization\",\"name\":\"Moldvisa.md\",\"alternateName\":\"Moldvisa - agen\u021bie de consultan\u021b\u0103 \u00een domeniul solicit\u0103rii vizelor pentru Marea Britanie \u0219i Irlanda\",\"url\":\"https:\/\/moldvisa.md\/\",\"logo\":{\"@type\":\"ImageObject\",\"inLanguage\":\"en-GB\",\"@id\":\"https:\/\/moldvisa.md\/#\/schema\/logo\/image\/\",\"url\":\"https:\/\/moldvisa.md\/wp-content\/uploads\/2025\/10\/logo.jpg\",\"contentUrl\":\"https:\/\/moldvisa.md\/wp-content\/uploads\/2025\/10\/logo.jpg\",\"width\":1200,\"height\":1200,\"caption\":\"Moldvisa.md\"},\"image\":{\"@id\":\"https:\/\/moldvisa.md\/#\/schema\/logo\/image\/\"},\"sameAs\":[\"https:\/\/www.facebook.com\/moldvisa\",\"https:\/\/www.instagram.com\/moldvisa\/\",\"https:\/\/t.me\/+37379522670\",\"https:\/\/wa.me\/37379522670\"]}]}<\/script>\n<!-- \/ Yoast SEO plugin. -->","yoast_head_json":{"title":"Ob\u021bine o consultan\u021b\u0103 - Moldvisa.md - agen\u021bie de consultan\u021b\u0103 \u00een domeniul solicit\u0103rii vizelor pentru Marea Britanie \u0219i Irlanda","description":"Moldvisa - agen\u021bie de consultan\u021b\u0103 \u00een domeniul solicit\u0103rii vizelor pentru Marea Britanie \u0219i Irlanda","robots":{"index":"index","follow":"follow","max-snippet":"max-snippet:-1","max-image-preview":"max-image-preview:large","max-video-preview":"max-video-preview:-1"},"canonical":"https:\/\/moldvisa.md\/en\/obtine-o-consultanta\/","og_locale":"en_GB","og_type":"article","og_title":"Ob\u021bine o consultan\u021b\u0103 - Moldvisa.md - agen\u021bie de consultan\u021b\u0103 \u00een domeniul solicit\u0103rii vizelor pentru Marea Britanie \u0219i Irlanda","og_description":"Moldvisa - agen\u021bie de consultan\u021b\u0103 \u00een domeniul solicit\u0103rii vizelor pentru Marea Britanie \u0219i Irlanda","og_url":"https:\/\/moldvisa.md\/en\/obtine-o-consultanta\/","og_site_name":"Moldvisa.md","article_publisher":"https:\/\/www.facebook.com\/moldvisa","article_modified_time":"2025-12-12T22:33:28+00:00","og_image":[{"width":1200,"height":1200,"url":"https:\/\/moldvisa.md\/wp-content\/uploads\/2025\/10\/logo.jpg","type":"image\/jpeg"}],"twitter_card":"summary_large_image","schema":{"@context":"https:\/\/schema.org","@graph":[{"@type":"WebPage","@id":"https:\/\/moldvisa.md\/obtine-o-consultanta\/","url":"https:\/\/moldvisa.md\/obtine-o-consultanta\/","name":"Ob\u021bine o consultan\u021b\u0103 - Moldvisa.md - agen\u021bie de consultan\u021b\u0103 \u00een domeniul solicit\u0103rii vizelor pentru Marea Britanie \u0219i Irlanda","isPartOf":{"@id":"https:\/\/moldvisa.md\/#website"},"datePublished":"2023-10-20T02:47:53+00:00","dateModified":"2025-12-12T22:33:28+00:00","description":"Moldvisa - agen\u021bie de consultan\u021b\u0103 \u00een domeniul solicit\u0103rii vizelor pentru Marea Britanie \u0219i Irlanda","breadcrumb":{"@id":"https:\/\/moldvisa.md\/obtine-o-consultanta\/#breadcrumb"},"inLanguage":"en-GB","potentialAction":[{"@type":"ReadAction","target":["https:\/\/moldvisa.md\/obtine-o-consultanta\/"]}]},{"@type":"BreadcrumbList","@id":"https:\/\/moldvisa.md\/obtine-o-consultanta\/#breadcrumb","itemListElement":[{"@type":"ListItem","position":1,"name":"Home","item":"https:\/\/moldvisa.md\/"},{"@type":"ListItem","position":2,"name":"Ob\u021bine o consultan\u021b\u0103"}]},{"@type":"WebSite","@id":"https:\/\/moldvisa.md\/#website","url":"https:\/\/moldvisa.md\/","name":"Moldvisa.md","description":"Moldvisa - agen\u021bie de consultan\u021b\u0103 \u00een domeniul solicit\u0103rii vizelor pentru Marea Britanie \u0219i Irlanda","publisher":{"@id":"https:\/\/moldvisa.md\/#organization"},"alternateName":"Moldvisa","potentialAction":[{"@type":"SearchAction","target":{"@type":"EntryPoint","urlTemplate":"https:\/\/moldvisa.md\/?s={search_term_string}"},"query-input":{"@type":"PropertyValueSpecification","valueRequired":true,"valueName":"search_term_string"}}],"inLanguage":"en-GB"},{"@type":"Organization","@id":"https:\/\/moldvisa.md\/#organization","name":"Moldvisa.md","alternateName":"Moldvisa - agen\u021bie de consultan\u021b\u0103 \u00een domeniul solicit\u0103rii vizelor pentru Marea Britanie \u0219i Irlanda","url":"https:\/\/moldvisa.md\/","logo":{"@type":"ImageObject","inLanguage":"en-GB","@id":"https:\/\/moldvisa.md\/#\/schema\/logo\/image\/","url":"https:\/\/moldvisa.md\/wp-content\/uploads\/2025\/10\/logo.jpg","contentUrl":"https:\/\/moldvisa.md\/wp-content\/uploads\/2025\/10\/logo.jpg","width":1200,"height":1200,"caption":"Moldvisa.md"},"image":{"@id":"https:\/\/moldvisa.md\/#\/schema\/logo\/image\/"},"sameAs":["https:\/\/www.facebook.com\/moldvisa","https:\/\/www.instagram.com\/moldvisa\/","https:\/\/t.me\/+37379522670","https:\/\/wa.me\/37379522670"]}]}},"_links":{"self":[{"href":"https:\/\/moldvisa.md\/en\/wp-json\/wp\/v2\/pages\/249","targetHints":{"allow":["GET"]}}],"collection":[{"href":"https:\/\/moldvisa.md\/en\/wp-json\/wp\/v2\/pages"}],"about":[{"href":"https:\/\/moldvisa.md\/en\/wp-json\/wp\/v2\/types\/page"}],"author":[{"embeddable":true,"href":"https:\/\/moldvisa.md\/en\/wp-json\/wp\/v2\/users\/1"}],"replies":[{"embeddable":true,"href":"https:\/\/moldvisa.md\/en\/wp-json\/wp\/v2\/comments?post=249"}],"version-history":[{"count":3,"href":"https:\/\/moldvisa.md\/en\/wp-json\/wp\/v2\/pages\/249\/revisions"}],"predecessor-version":[{"id":5950,"href":"https:\/\/moldvisa.md\/en\/wp-json\/wp\/v2\/pages\/249\/revisions\/5950"}],"wp:attachment":[{"href":"https:\/\/moldvisa.md\/en\/wp-json\/wp\/v2\/media?parent=249"}],"curies":[{"name":"wp","href":"https:\/\/api.w.org\/{rel}","templated":true}]}}