{"id":251,"date":"2023-10-20T02:48:14","date_gmt":"2023-10-20T02:48:14","guid":{"rendered":"https:\/\/demo.bravisthemes.com\/immigway\/?page_id=251"},"modified":"2025-11-19T22:51:25","modified_gmt":"2025-11-19T22:51:25","slug":"faq","status":"publish","type":"page","link":"https:\/\/moldvisa.md\/en\/faq\/","title":{"rendered":"FAQ"},"content":{"rendered":"<div data-elementor-type=\"wp-page\" data-elementor-id=\"251\" class=\"elementor elementor-251\" data-elementor-post-type=\"page\">\n\t\t\t\t<div class=\"elementor-element elementor-element-63383e3 e-flex e-con-boxed e-con e-parent\" data-id=\"63383e3\" data-element_type=\"container\" data-e-type=\"container\">\t\t\t<div class=\"e-con-inner\">\r\n\t\t    \t\t<div class=\"elementor-element elementor-element-c735750 elementor-widget elementor-widget-pxl_heading\" data-id=\"c735750\" data-element_type=\"widget\" data-e-type=\"widget\" data-widget_type=\"pxl_heading.default\">\n\t\t\t\t<div class=\"elementor-widget-container\">\n\t\t\t\t\t<div id=\"pxl-pxl_heading-c735750-1720\" class=\"pxl-heading px-sub-title-default-style\">\n\t<div class=\"pxl-heading--inner\">\n\t\t\n\t\t\t\t\t<div class=\"pxl-item--subtitle px-sub-title-default pxl-split-text split-in-left\" data-wow-delay=\"ms\">\n\t\t\t\t<span class=\"pxl-item--subtext\">\n\t\t\t\t\t\t\t\t\t\t\t<span class=\"pxl-item--icon pxl-mr-1\">\n\t\t\t\t\t\t\t<i aria-hidden=\"true\" class=\"fas fa-paper-plane\"><\/i>\t\t\t\t\t\t<\/span>\n\t\t\t\t\t\t\t\t\t\tThe most frequently asked questions and answers from MOLDVISA\t\t\t\t\t<span class=\"pxl-item--subdivider\"><\/span>\n\t\t\t\t<\/span>\n\t\t\t<\/div>\n\t\t\n\t\t<h2 class=\"pxl-item--title pxl-split-text split-in-left\" data-wow-delay=\"ms\">\n\t\tFrequently asked questions about visas for the UK and Ireland\t\t\n\t\t<\/h2>\n\n\t\t\n\t\t\n\t\t\t\t\t\t\t\t\n\t<\/div>\n<\/div>\t\t\t\t<\/div>\n\t\t\t\t<\/div>\n\t\t\t\t\t<\/div>\r\n\t\t\t\t<\/div>\r\n\t\t        <section class=\"elementor-section elementor-top-section elementor-element elementor-element-8758114 elementor-section-stretched elementor-section-boxed elementor-section-height-default elementor-section-height-default pxl-row-scroll-none pxl-section-overflow-visible pxl-bg-color-none pxl-section-overlay-none\" data-id=\"8758114\" data-element_type=\"section\" data-e-type=\"section\" data-settings=\"{&quot;stretch_section&quot;:&quot;section-stretched&quot;}\">\n\n                \n                <div class=\"elementor-container elementor-column-gap-extended\">\n                <div class=\"elementor-column elementor-col-100 elementor-top-column elementor-element elementor-element-4a9b886 pxl-column-none\" data-id=\"4a9b886\" data-element_type=\"column\" data-e-type=\"column\">\r\n        <div class=\"elementor-widget-wrap elementor-element-populated\">\r\n                     \r\n        \t\t<div class=\"elementor-element elementor-element-1b4e20b elementor-widget elementor-widget-pxl_accordion\" data-id=\"1b4e20b\" data-element_type=\"widget\" data-e-type=\"widget\" data-widget_type=\"pxl_accordion.default\">\n\t\t\t\t<div class=\"elementor-widget-container\">\n\t\t\t\t\t    <div class=\"pxl-accordion-wrap\">\r\n        <div class=\"pxl-accordion pxl-accordion1 style1\" data-wow-delay=\"ms\">\r\n                            <div class=\"pxl--item active\">\r\n                    <h5 class=\"pxl-item--title\" data-target=\"#pxl_accordion-1b4e20b-7090-5a18e45\">\r\n                                        <span class=\"pxl-title--text\">1. How long does it take to obtain a visa?<\/span>\r\n                    <i class=\"pxl-icon--plus\"><\/i>                    <\/h5>\r\n                    <div id=\"pxl_accordion-1b4e20b-7090-5a18e45\" class=\"pxl-item--content\" style=\"display: block;\">The time varies depending on the visa type and time of year. Usually, it can take between 3 and 8 weeks.<\/div>\r\n                <\/div>\r\n                            <div class=\"pxl--item\">\r\n                    <h5 class=\"pxl-item--title\" data-target=\"#pxl_accordion-1b4e20b-7090-1cfef80\">\r\n                                        <span class=\"pxl-title--text\">2. Can I apply without physical presence at the center?<\/span>\r\n                    <i class=\"pxl-icon--plus\"><\/i>                    <\/h5>\r\n                    <div id=\"pxl_accordion-1b4e20b-7090-1cfef80\" class=\"pxl-item--content\" >It depends on the visa category and each country's procedures. In most cases, personal appearance for biometrics is required.<\/div>\r\n                <\/div>\r\n                            <div class=\"pxl--item\">\r\n                    <h5 class=\"pxl-item--title\" data-target=\"#pxl_accordion-1b4e20b-7090-e65c614\">\r\n                                        <span class=\"pxl-title--text\">3. Does a job offer guarantee visa approval?<\/span>\r\n                    <i class=\"pxl-icon--plus\"><\/i>                    <\/h5>\r\n                    <div id=\"pxl_accordion-1b4e20b-7090-e65c614\" class=\"pxl-item--content\" >No. But it is an essential condition for Work Visa. The file must be prepared correctly.<\/div>\r\n                <\/div>\r\n                            <div class=\"pxl--item\">\r\n                    <h5 class=\"pxl-item--title\" data-target=\"#pxl_accordion-1b4e20b-7090-d810464\">\r\n                                        <span class=\"pxl-title--text\">4. Can I apply for a visa if I have had a refusal before?<\/span>\r\n                    <i class=\"pxl-icon--plus\"><\/i>                    <\/h5>\r\n                    <div id=\"pxl_accordion-1b4e20b-7090-d810464\" class=\"pxl-item--content\" >Yes, but analyzing the refusal reason before a new application is very important.<\/div>\r\n                <\/div>\r\n                            <div class=\"pxl--item\">\r\n                    <h5 class=\"pxl-item--title\" data-target=\"#pxl_accordion-1b4e20b-7090-5785335\">\r\n                                        <span class=\"pxl-title--text\">5. Do you provide support after submitting the file?<\/span>\r\n                    <i class=\"pxl-icon--plus\"><\/i>                    <\/h5>\r\n                    <div id=\"pxl_accordion-1b4e20b-7090-5785335\" class=\"pxl-item--content\" >Da, monitoriz\u0103m statusul \u0219i oferim r\u0103spunsuri la orice \u00eentreb\u0103ri suplimentare.<\/div>\r\n                <\/div>\r\n                    <\/div>\r\n            <\/div>\r\n\t\t\t\t<\/div>\n\t\t\t\t<\/div>\n\t\t            <\/div>\r\n        <\/div>\r\n        \t\t\t<\/div>\n\t\t<\/section>\n\t\t        <section class=\"elementor-section elementor-top-section elementor-element elementor-element-40f7132 elementor-section-stretched elementor-section-boxed elementor-section-height-default elementor-section-height-default pxl-row-scroll-none pxl-section-overflow-visible pxl-bg-color-none pxl-section-overlay-none\" data-id=\"40f7132\" data-element_type=\"section\" data-e-type=\"section\" data-settings=\"{&quot;stretch_section&quot;:&quot;section-stretched&quot;}\">\n\n                \n                <div class=\"elementor-container elementor-column-gap-extended\">\n                <div class=\"elementor-column elementor-col-100 elementor-top-column elementor-element elementor-element-a94122a pxl-column-none\" data-id=\"a94122a\" data-element_type=\"column\" data-e-type=\"column\" data-settings=\"{&quot;background_background&quot;:&quot;classic&quot;}\">\r\n        <div class=\"elementor-widget-wrap elementor-element-populated\">\r\n                                <div class=\"elementor-background-overlay\"><\/div>\r\n         \r\n        \t\t<div class=\"elementor-element elementor-element-776177b elementor-widget elementor-widget-pxl_heading\" data-id=\"776177b\" data-element_type=\"widget\" data-e-type=\"widget\" data-widget_type=\"pxl_heading.default\">\n\t\t\t\t<div class=\"elementor-widget-container\">\n\t\t\t\t\t<div id=\"pxl-pxl_heading-776177b-4987\" class=\"pxl-heading px-sub-title-default-style\">\n\t<div class=\"pxl-heading--inner\">\n\t\t\n\t\t\n\t\t<h1 class=\"pxl-item--title\" data-wow-delay=\"ms\">\n\t\tAre there any questions left?\t\t\n\t\t<\/h1>\n\n\t\t\n\t\t\n\t\t\t\t\t\t\t\t\n\t<\/div>\n<\/div>\t\t\t\t<\/div>\n\t\t\t\t<\/div>\n\t\t\t\t<div class=\"elementor-element elementor-element-0887c60 elementor-widget elementor-widget-pxl_contact_form\" data-id=\"0887c60\" data-element_type=\"widget\" data-e-type=\"widget\" data-widget_type=\"pxl_contact_form.default\">\n\t\t\t\t<div class=\"elementor-widget-container\">\n\t\t\t\t\t    <div class=\"pxl-contact-form pxl-contact-form1 btn-w-auto\" data-wow-delay=\"ms\">\r\n        <p class=\"wpcf7-contact-form-not-found\"><strong>Error:<\/strong> Contact form not found.<\/p>    <\/div>\r\n\t\t\t\t<\/div>\n\t\t\t\t<\/div>\n\t\t            <\/div>\r\n        <\/div>\r\n        \t\t\t<\/div>\n\t\t<\/section>\n\t\t\t\t<\/div>","protected":false},"excerpt":{"rendered":"<p>Cele mai frecvente \u00eentreb\u0103ri \u0219i r\u0103spunsuri de la MOLDVISA \u00centreb\u0103ri frecvente despre vizele pentru Marea Britanie \u0219i Irlanda 1. C\u00e2t dureaz\u0103 ob\u021binerea unei vize? Timpul variaz\u0103 \u00een func\u021bie de tipul vizei \u0219i perioada anului. De regul\u0103, poate dura \u00eentre 3 \u0219i 8 s\u0103pt\u0103m\u00e2ni. 2. Pot aplica f\u0103r\u0103 prezen\u021b\u0103 fizic\u0103 la centru? Depinde de categoria vizei [&hellip;]<\/p>\n","protected":false},"author":1,"featured_media":0,"parent":0,"menu_order":0,"comment_status":"closed","ping_status":"closed","template":"","meta":{"footnotes":""},"class_list":["post-251","page","type-page","status-publish","hentry"],"yoast_head":"<!-- This site is optimized with the Yoast SEO plugin v27.2 - https:\/\/yoast.com\/product\/yoast-seo-wordpress\/ -->\n<title>FAQ - Moldvisa.md - agen\u021bie de consultan\u021b\u0103 \u00een domeniul solicit\u0103rii vizelor pentru Marea Britanie \u0219i Irlanda<\/title>\n<meta name=\"description\" content=\"Moldvisa - agen\u021bie de consultan\u021b\u0103 \u00een domeniul solicit\u0103rii vizelor pentru Marea Britanie \u0219i Irlanda\" \/>\n<meta name=\"robots\" content=\"index, follow, max-snippet:-1, max-image-preview:large, max-video-preview:-1\" \/>\n<link rel=\"canonical\" href=\"https:\/\/moldvisa.md\/en\/faq\/\" \/>\n<meta property=\"og:locale\" content=\"en_GB\" \/>\n<meta property=\"og:type\" content=\"article\" \/>\n<meta property=\"og:title\" content=\"FAQ - Moldvisa.md - agen\u021bie de consultan\u021b\u0103 \u00een domeniul solicit\u0103rii vizelor pentru Marea Britanie \u0219i Irlanda\" \/>\n<meta property=\"og:description\" content=\"Moldvisa - agen\u021bie de consultan\u021b\u0103 \u00een domeniul solicit\u0103rii vizelor pentru Marea Britanie \u0219i Irlanda\" \/>\n<meta property=\"og:url\" content=\"https:\/\/moldvisa.md\/en\/faq\/\" \/>\n<meta property=\"og:site_name\" content=\"Moldvisa.md\" \/>\n<meta property=\"article:publisher\" content=\"https:\/\/www.facebook.com\/moldvisa\" \/>\n<meta property=\"article:modified_time\" content=\"2025-11-19T22:51:25+00:00\" \/>\n<meta property=\"og:image\" content=\"https:\/\/moldvisa.md\/wp-content\/uploads\/2025\/10\/logo.jpg\" \/>\n\t<meta property=\"og:image:width\" content=\"1200\" \/>\n\t<meta property=\"og:image:height\" content=\"1200\" \/>\n\t<meta property=\"og:image:type\" content=\"image\/jpeg\" \/>\n<meta name=\"twitter:card\" content=\"summary_large_image\" \/>\n<meta name=\"twitter:label1\" content=\"Estimated reading time\" \/>\n\t<meta name=\"twitter:data1\" content=\"1 minute\" \/>\n<script type=\"application\/ld+json\" class=\"yoast-schema-graph\">{\"@context\":\"https:\/\/schema.org\",\"@graph\":[{\"@type\":\"WebPage\",\"@id\":\"https:\/\/moldvisa.md\/faq\/\",\"url\":\"https:\/\/moldvisa.md\/faq\/\",\"name\":\"FAQ - Moldvisa.md - agen\u021bie de consultan\u021b\u0103 \u00een domeniul solicit\u0103rii vizelor pentru Marea Britanie \u0219i Irlanda\",\"isPartOf\":{\"@id\":\"https:\/\/moldvisa.md\/#website\"},\"datePublished\":\"2023-10-20T02:48:14+00:00\",\"dateModified\":\"2025-11-19T22:51:25+00:00\",\"description\":\"Moldvisa - agen\u021bie de consultan\u021b\u0103 \u00een domeniul solicit\u0103rii vizelor pentru Marea Britanie \u0219i Irlanda\",\"breadcrumb\":{\"@id\":\"https:\/\/moldvisa.md\/faq\/#breadcrumb\"},\"inLanguage\":\"en-GB\",\"potentialAction\":[{\"@type\":\"ReadAction\",\"target\":[\"https:\/\/moldvisa.md\/faq\/\"]}]},{\"@type\":\"BreadcrumbList\",\"@id\":\"https:\/\/moldvisa.md\/faq\/#breadcrumb\",\"itemListElement\":[{\"@type\":\"ListItem\",\"position\":1,\"name\":\"Home\",\"item\":\"https:\/\/moldvisa.md\/\"},{\"@type\":\"ListItem\",\"position\":2,\"name\":\"FAQ\"}]},{\"@type\":\"WebSite\",\"@id\":\"https:\/\/moldvisa.md\/#website\",\"url\":\"https:\/\/moldvisa.md\/\",\"name\":\"Moldvisa.md\",\"description\":\"Moldvisa - agen\u021bie de consultan\u021b\u0103 \u00een domeniul solicit\u0103rii vizelor pentru Marea Britanie \u0219i Irlanda\",\"publisher\":{\"@id\":\"https:\/\/moldvisa.md\/#organization\"},\"alternateName\":\"Moldvisa\",\"potentialAction\":[{\"@type\":\"SearchAction\",\"target\":{\"@type\":\"EntryPoint\",\"urlTemplate\":\"https:\/\/moldvisa.md\/?s={search_term_string}\"},\"query-input\":{\"@type\":\"PropertyValueSpecification\",\"valueRequired\":true,\"valueName\":\"search_term_string\"}}],\"inLanguage\":\"en-GB\"},{\"@type\":\"Organization\",\"@id\":\"https:\/\/moldvisa.md\/#organization\",\"name\":\"Moldvisa.md\",\"alternateName\":\"Moldvisa - agen\u021bie de consultan\u021b\u0103 \u00een domeniul solicit\u0103rii vizelor pentru Marea Britanie \u0219i Irlanda\",\"url\":\"https:\/\/moldvisa.md\/\",\"logo\":{\"@type\":\"ImageObject\",\"inLanguage\":\"en-GB\",\"@id\":\"https:\/\/moldvisa.md\/#\/schema\/logo\/image\/\",\"url\":\"https:\/\/moldvisa.md\/wp-content\/uploads\/2025\/10\/logo.jpg\",\"contentUrl\":\"https:\/\/moldvisa.md\/wp-content\/uploads\/2025\/10\/logo.jpg\",\"width\":1200,\"height\":1200,\"caption\":\"Moldvisa.md\"},\"image\":{\"@id\":\"https:\/\/moldvisa.md\/#\/schema\/logo\/image\/\"},\"sameAs\":[\"https:\/\/www.facebook.com\/moldvisa\",\"https:\/\/www.instagram.com\/moldvisa\/\",\"https:\/\/t.me\/+37379522670\",\"https:\/\/wa.me\/37379522670\"]}]}<\/script>\n<!-- \/ Yoast SEO plugin. -->","yoast_head_json":{"title":"FAQ - Moldvisa.md - agen\u021bie de consultan\u021b\u0103 \u00een domeniul solicit\u0103rii vizelor pentru Marea Britanie \u0219i Irlanda","description":"Moldvisa - agen\u021bie de consultan\u021b\u0103 \u00een domeniul solicit\u0103rii vizelor pentru Marea Britanie \u0219i Irlanda","robots":{"index":"index","follow":"follow","max-snippet":"max-snippet:-1","max-image-preview":"max-image-preview:large","max-video-preview":"max-video-preview:-1"},"canonical":"https:\/\/moldvisa.md\/en\/faq\/","og_locale":"en_GB","og_type":"article","og_title":"FAQ - Moldvisa.md - agen\u021bie de consultan\u021b\u0103 \u00een domeniul solicit\u0103rii vizelor pentru Marea Britanie \u0219i Irlanda","og_description":"Moldvisa - agen\u021bie de consultan\u021b\u0103 \u00een domeniul solicit\u0103rii vizelor pentru Marea Britanie \u0219i Irlanda","og_url":"https:\/\/moldvisa.md\/en\/faq\/","og_site_name":"Moldvisa.md","article_publisher":"https:\/\/www.facebook.com\/moldvisa","article_modified_time":"2025-11-19T22:51:25+00:00","og_image":[{"width":1200,"height":1200,"url":"https:\/\/moldvisa.md\/wp-content\/uploads\/2025\/10\/logo.jpg","type":"image\/jpeg"}],"twitter_card":"summary_large_image","twitter_misc":{"Estimated reading time":"1 minute"},"schema":{"@context":"https:\/\/schema.org","@graph":[{"@type":"WebPage","@id":"https:\/\/moldvisa.md\/faq\/","url":"https:\/\/moldvisa.md\/faq\/","name":"FAQ - Moldvisa.md - agen\u021bie de consultan\u021b\u0103 \u00een domeniul solicit\u0103rii vizelor pentru Marea Britanie \u0219i Irlanda","isPartOf":{"@id":"https:\/\/moldvisa.md\/#website"},"datePublished":"2023-10-20T02:48:14+00:00","dateModified":"2025-11-19T22:51:25+00:00","description":"Moldvisa - agen\u021bie de consultan\u021b\u0103 \u00een domeniul solicit\u0103rii vizelor pentru Marea Britanie \u0219i Irlanda","breadcrumb":{"@id":"https:\/\/moldvisa.md\/faq\/#breadcrumb"},"inLanguage":"en-GB","potentialAction":[{"@type":"ReadAction","target":["https:\/\/moldvisa.md\/faq\/"]}]},{"@type":"BreadcrumbList","@id":"https:\/\/moldvisa.md\/faq\/#breadcrumb","itemListElement":[{"@type":"ListItem","position":1,"name":"Home","item":"https:\/\/moldvisa.md\/"},{"@type":"ListItem","position":2,"name":"FAQ"}]},{"@type":"WebSite","@id":"https:\/\/moldvisa.md\/#website","url":"https:\/\/moldvisa.md\/","name":"Moldvisa.md","description":"Moldvisa - agen\u021bie de consultan\u021b\u0103 \u00een domeniul solicit\u0103rii vizelor pentru Marea Britanie \u0219i Irlanda","publisher":{"@id":"https:\/\/moldvisa.md\/#organization"},"alternateName":"Moldvisa","potentialAction":[{"@type":"SearchAction","target":{"@type":"EntryPoint","urlTemplate":"https:\/\/moldvisa.md\/?s={search_term_string}"},"query-input":{"@type":"PropertyValueSpecification","valueRequired":true,"valueName":"search_term_string"}}],"inLanguage":"en-GB"},{"@type":"Organization","@id":"https:\/\/moldvisa.md\/#organization","name":"Moldvisa.md","alternateName":"Moldvisa - agen\u021bie de consultan\u021b\u0103 \u00een domeniul solicit\u0103rii vizelor pentru Marea Britanie \u0219i Irlanda","url":"https:\/\/moldvisa.md\/","logo":{"@type":"ImageObject","inLanguage":"en-GB","@id":"https:\/\/moldvisa.md\/#\/schema\/logo\/image\/","url":"https:\/\/moldvisa.md\/wp-content\/uploads\/2025\/10\/logo.jpg","contentUrl":"https:\/\/moldvisa.md\/wp-content\/uploads\/2025\/10\/logo.jpg","width":1200,"height":1200,"caption":"Moldvisa.md"},"image":{"@id":"https:\/\/moldvisa.md\/#\/schema\/logo\/image\/"},"sameAs":["https:\/\/www.facebook.com\/moldvisa","https:\/\/www.instagram.com\/moldvisa\/","https:\/\/t.me\/+37379522670","https:\/\/wa.me\/37379522670"]}]}},"_links":{"self":[{"href":"https:\/\/moldvisa.md\/en\/wp-json\/wp\/v2\/pages\/251","targetHints":{"allow":["GET"]}}],"collection":[{"href":"https:\/\/moldvisa.md\/en\/wp-json\/wp\/v2\/pages"}],"about":[{"href":"https:\/\/moldvisa.md\/en\/wp-json\/wp\/v2\/types\/page"}],"author":[{"embeddable":true,"href":"https:\/\/moldvisa.md\/en\/wp-json\/wp\/v2\/users\/1"}],"replies":[{"embeddable":true,"href":"https:\/\/moldvisa.md\/en\/wp-json\/wp\/v2\/comments?post=251"}],"version-history":[{"count":0,"href":"https:\/\/moldvisa.md\/en\/wp-json\/wp\/v2\/pages\/251\/revisions"}],"wp:attachment":[{"href":"https:\/\/moldvisa.md\/en\/wp-json\/wp\/v2\/media?parent=251"}],"curies":[{"name":"wp","href":"https:\/\/api.w.org\/{rel}","templated":true}]}}