{"id":253,"date":"2023-10-20T02:48:35","date_gmt":"2023-10-20T02:48:35","guid":{"rendered":"https:\/\/demo.bravisthemes.com\/immigway\/?page_id=253"},"modified":"2025-11-14T23:08:08","modified_gmt":"2025-11-14T23:08:08","slug":"contacte","status":"publish","type":"page","link":"https:\/\/moldvisa.md\/en\/contacte\/","title":{"rendered":"Contacts"},"content":{"rendered":"<div data-elementor-type=\"wp-page\" data-elementor-id=\"253\" class=\"elementor elementor-253\" data-elementor-post-type=\"page\">\n\t\t\t\t        <section class=\"elementor-section elementor-top-section elementor-element elementor-element-0ea5f7c elementor-section-stretched elementor-section-boxed elementor-section-height-default elementor-section-height-default pxl-row-scroll-none pxl-section-overflow-visible pxl-bg-color-none pxl-section-overlay-none\" data-id=\"0ea5f7c\" data-element_type=\"section\" data-e-type=\"section\" data-settings=\"{&quot;stretch_section&quot;:&quot;section-stretched&quot;}\">\n\n                \n                <div class=\"elementor-container elementor-column-gap-extended\">\n                <div class=\"elementor-column elementor-col-33 elementor-top-column elementor-element elementor-element-20fd9e2 pxl-column-none\" data-id=\"20fd9e2\" data-element_type=\"column\" data-e-type=\"column\">\r\n        <div class=\"elementor-widget-wrap elementor-element-populated\">\r\n                     \r\n            \t\t<div class=\"elementor-element elementor-element-3a29402 elementor-widget elementor-widget-pxl_image_box\" data-id=\"3a29402\" data-element_type=\"widget\" data-e-type=\"widget\" data-widget_type=\"pxl_image_box.default\">\n\t\t\t\t<div class=\"elementor-widget-container\">\n\t\t\t\t\t<div class=\"pxl-image-box pxl-image-box1\" data-wow-delay=\"ms\">\r\n\t<div class=\"pxl-banner-inner\">\r\n\t\t\t\t\t<div class=\"pxl-item--image\">\r\n\t\t\t\t<img fetchpriority=\"high\" decoding=\"async\" width=\"740\" height=\"452\" src=\"https:\/\/moldvisa.md\/wp-content\/uploads\/2023\/10\/contact-banner1.jpg\" class=\"attachment-full\" alt=\"\" srcset=\"https:\/\/moldvisa.md\/wp-content\/uploads\/2023\/10\/contact-banner1.jpg 740w, https:\/\/moldvisa.md\/wp-content\/uploads\/2023\/10\/contact-banner1-600x366.jpg 600w, https:\/\/moldvisa.md\/wp-content\/uploads\/2023\/10\/contact-banner1-300x183.jpg 300w\" sizes=\"(max-width: 740px) 100vw, 740px\" \/>\t\t\t<\/div>\r\n\t\t\t\t<div class=\"pxl-item--holder\">\r\n\t\t\t\t            <div class=\"pxl-item--icon\">\r\n\t                <i aria-hidden=\"true\" class=\"flaticon flaticon-mail\"><\/i>\t            <\/div>\r\n\t        \t        \t\t\t\t<h5 class=\"pxl-item--title\">\r\n\t\t\t\t\tWrite us a message by email\t\t\t\t<\/h5>\r\n\t\t\t\t\t\t\t\t\t\t<div class=\"pxl-item--content\">\r\n\t\t\t\t\t<a href=\"mailto:info@moldvisa.md\">\ninfo@moldvisa.md<\/a>\t\t\t\t<\/div>\r\n\t\t\t\t\t<\/div>\r\n\t<\/div>\r\n<\/div>\t\t\t\t<\/div>\n\t\t\t\t<\/div>\n\t\t            <\/div>\r\n        <\/div>\r\n                <div class=\"elementor-column elementor-col-33 elementor-top-column elementor-element elementor-element-2679867 pxl-column-none\" data-id=\"2679867\" data-element_type=\"column\" data-e-type=\"column\">\r\n        <div class=\"elementor-widget-wrap elementor-element-populated\">\r\n                     \r\n        \t\t<div class=\"elementor-element elementor-element-b3b78f5 elementor-widget elementor-widget-pxl_image_box\" data-id=\"b3b78f5\" data-element_type=\"widget\" data-e-type=\"widget\" data-widget_type=\"pxl_image_box.default\">\n\t\t\t\t<div class=\"elementor-widget-container\">\n\t\t\t\t\t<div class=\"pxl-image-box pxl-image-box1\" data-wow-delay=\"ms\">\r\n\t<div class=\"pxl-banner-inner\">\r\n\t\t\t\t\t<div class=\"pxl-item--image\">\r\n\t\t\t\t<img decoding=\"async\" width=\"740\" height=\"452\" src=\"https:\/\/moldvisa.md\/wp-content\/uploads\/2023\/10\/contact-banner2.jpg\" class=\"attachment-full\" alt=\"\" srcset=\"https:\/\/moldvisa.md\/wp-content\/uploads\/2023\/10\/contact-banner2.jpg 740w, https:\/\/moldvisa.md\/wp-content\/uploads\/2023\/10\/contact-banner2-600x366.jpg 600w, https:\/\/moldvisa.md\/wp-content\/uploads\/2023\/10\/contact-banner2-300x183.jpg 300w\" sizes=\"(max-width: 740px) 100vw, 740px\" \/>\t\t\t<\/div>\r\n\t\t\t\t<div class=\"pxl-item--holder\">\r\n\t\t\t\t            <div class=\"pxl-item--icon\">\r\n\t                <i aria-hidden=\"true\" class=\"flaticon flaticon-telephone-call\"><\/i>\t            <\/div>\r\n\t        \t        \t\t\t\t<h5 class=\"pxl-item--title\">\r\n\t\t\t\t\tCall for questions\t\t\t\t<\/h5>\r\n\t\t\t\t\t\t\t\t\t\t<div class=\"pxl-item--content\">\r\n\t\t\t\t\t<a href=\"tel:+37379522670\">0795 22 670<\/a>\t\t\t\t<\/div>\r\n\t\t\t\t\t<\/div>\r\n\t<\/div>\r\n<\/div>\t\t\t\t<\/div>\n\t\t\t\t<\/div>\n\t\t            <\/div>\r\n        <\/div>\r\n                <div class=\"elementor-column elementor-col-33 elementor-top-column elementor-element elementor-element-20fd1b6 pxl-column-none\" data-id=\"20fd1b6\" data-element_type=\"column\" data-e-type=\"column\">\r\n        <div class=\"elementor-widget-wrap elementor-element-populated\">\r\n                     \r\n        \t\t<div class=\"elementor-element elementor-element-22ff876 elementor-widget elementor-widget-pxl_image_box\" data-id=\"22ff876\" data-element_type=\"widget\" data-e-type=\"widget\" data-widget_type=\"pxl_image_box.default\">\n\t\t\t\t<div class=\"elementor-widget-container\">\n\t\t\t\t\t<div class=\"pxl-image-box pxl-image-box1\" data-wow-delay=\"ms\">\r\n\t<div class=\"pxl-banner-inner\">\r\n\t\t\t\t\t<div class=\"pxl-item--image\">\r\n\t\t\t\t<img decoding=\"async\" width=\"740\" height=\"452\" src=\"https:\/\/moldvisa.md\/wp-content\/uploads\/2023\/10\/contact-banner3.jpg\" class=\"attachment-full\" alt=\"\" srcset=\"https:\/\/moldvisa.md\/wp-content\/uploads\/2023\/10\/contact-banner3.jpg 740w, https:\/\/moldvisa.md\/wp-content\/uploads\/2023\/10\/contact-banner3-600x366.jpg 600w, https:\/\/moldvisa.md\/wp-content\/uploads\/2023\/10\/contact-banner3-300x183.jpg 300w\" sizes=\"(max-width: 740px) 100vw, 740px\" \/>\t\t\t<\/div>\r\n\t\t\t\t<div class=\"pxl-item--holder\">\r\n\t\t\t\t            <div class=\"pxl-item--icon\">\r\n\t                <i aria-hidden=\"true\" class=\"flaticon flaticon-residential\"><\/i>\t            <\/div>\r\n\t        \t        \t\t\t\t<h5 class=\"pxl-item--title\">\r\n\t\t\t\t\tOur office\t\t\t\t<\/h5>\r\n\t\t\t\t\t\t\t\t\t\t<div class=\"pxl-item--content\">\r\n\t\t\t\t\tStr. Alexandr Puskin 22, Chisinau, Moldova\t\t\t\t<\/div>\r\n\t\t\t\t\t<\/div>\r\n\t<\/div>\r\n<\/div>\t\t\t\t<\/div>\n\t\t\t\t<\/div>\n\t\t            <\/div>\r\n        <\/div>\r\n        \t\t\t<\/div>\n\t\t<\/section>\n\t\t        <section class=\"elementor-section elementor-top-section elementor-element elementor-element-bf9622f elementor-section-stretched elementor-section-boxed elementor-section-height-default elementor-section-height-default pxl-row-scroll-none pxl-section-overflow-visible pxl-bg-color-none pxl-section-overlay-none\" data-id=\"bf9622f\" data-element_type=\"section\" data-e-type=\"section\" data-settings=\"{&quot;stretch_section&quot;:&quot;section-stretched&quot;}\">\n\n                \n                <div class=\"elementor-container elementor-column-gap-extended\">\n                <div class=\"elementor-column elementor-col-100 elementor-top-column elementor-element elementor-element-a0cf00e pxl-column-none\" data-id=\"a0cf00e\" data-element_type=\"column\" data-e-type=\"column\">\r\n        <div class=\"elementor-widget-wrap elementor-element-populated\">\r\n                     \r\n        \t\t<div class=\"elementor-element elementor-element-9f1225b elementor-widget elementor-widget-google_maps\" data-id=\"9f1225b\" data-element_type=\"widget\" data-e-type=\"widget\" data-widget_type=\"google_maps.default\">\n\t\t\t\t\t\t\t<div class=\"elementor-custom-embed\">\n\t\t\t<iframe loading=\"lazy\"\n\t\t\t\t\tsrc=\"https:\/\/maps.google.com\/maps?q=Str.%20Alexandr%20Puskin%2022%2C%20Chisinau%2C%20Moldova&#038;t=m&#038;z=14&#038;output=embed&#038;iwloc=near\"\n\t\t\t\t\ttitle=\"Str. Alexandr Puskin 22, Chisinau, Moldova\"\n\t\t\t\t\taria-label=\"Str. Alexandr Puskin 22, Chisinau, Moldova\"\n\t\t\t><\/iframe>\n\t\t<\/div>\n\t\t\t\t\t\t<\/div>\n\t\t            <\/div>\r\n        <\/div>\r\n        \t\t\t<\/div>\n\t\t<\/section>\n\t\t        <section class=\"elementor-section elementor-top-section elementor-element elementor-element-fdf6375 elementor-section-stretched elementor-section-boxed elementor-section-height-default elementor-section-height-default pxl-row-scroll-none pxl-section-overflow-visible pxl-bg-color-none pxl-section-overlay-none\" data-id=\"fdf6375\" data-element_type=\"section\" data-e-type=\"section\" data-settings=\"{&quot;stretch_section&quot;:&quot;section-stretched&quot;}\">\n\n                \n                <div class=\"elementor-container elementor-column-gap-extended\">\n                <div class=\"elementor-column elementor-col-50 elementor-top-column elementor-element elementor-element-68432e1 pxl-column-none\" data-id=\"68432e1\" data-element_type=\"column\" data-e-type=\"column\">\r\n        <div class=\"elementor-widget-wrap elementor-element-populated\">\r\n                     \r\n        \t\t<div class=\"elementor-element elementor-element-2388ae3 elementor-widget__width-auto elementor-widget elementor-widget-pxl_heading\" data-id=\"2388ae3\" data-element_type=\"widget\" data-e-type=\"widget\" data-widget_type=\"pxl_heading.default\">\n\t\t\t\t<div class=\"elementor-widget-container\">\n\t\t\t\t\t<div id=\"pxl-pxl_heading-2388ae3-1355\" class=\"pxl-heading px-sub-title-default-style\">\n\t<div class=\"pxl-heading--inner\">\n\t\t\n\t\t\n\t\t<h1 class=\"pxl-item--title\" data-wow-delay=\"ms\">\n\t\tContact us\t\t\n\t\t<\/h1>\n\n\t\t\n\t\t\n\t\t\t\t\t\t\t\t\n\t<\/div>\n<\/div>\t\t\t\t<\/div>\n\t\t\t\t<\/div>\n\t\t            <\/div>\r\n        <\/div>\r\n                <div class=\"elementor-column elementor-col-50 elementor-top-column elementor-element elementor-element-808b576 pxl-column-none\" data-id=\"808b576\" data-element_type=\"column\" data-e-type=\"column\">\r\n        <div class=\"elementor-widget-wrap elementor-element-populated\">\r\n                     \r\n        \t\t<div class=\"elementor-element elementor-element-65c6d06 buttons-gradient elementor-widget elementor-widget-pxl_contact_form\" data-id=\"65c6d06\" data-element_type=\"widget\" data-e-type=\"widget\" data-widget_type=\"pxl_contact_form.default\">\n\t\t\t\t<div class=\"elementor-widget-container\">\n\t\t\t\t\t    <div class=\"pxl-contact-form pxl-contact-form1 btn-w-auto\" data-wow-delay=\"ms\">\r\n        \n<div class=\"wpcf7 no-js\" id=\"wpcf7-f926-o1\" lang=\"en-US\" dir=\"ltr\" data-wpcf7-id=\"926\">\n<div class=\"screen-reader-response\"><p role=\"status\" aria-live=\"polite\" aria-atomic=\"true\"><\/p> <ul><\/ul><\/div>\n<form action=\"\/en\/wp-json\/wp\/v2\/pages\/253#wpcf7-f926-o1\" method=\"post\" class=\"wpcf7-form init\" aria-label=\"Contact form\" novalidate=\"novalidate\" data-status=\"init\" data-trp-original-action=\"\/en\/wp-json\/wp\/v2\/pages\/253#wpcf7-f926-o1\">\n<fieldset class=\"hidden-fields-container\"><input type=\"hidden\" name=\"_wpcf7\" value=\"926\" \/><input type=\"hidden\" name=\"_wpcf7_version\" value=\"6.1.5\" \/><input type=\"hidden\" name=\"_wpcf7_locale\" value=\"en_US\" \/><input type=\"hidden\" name=\"_wpcf7_unit_tag\" value=\"wpcf7-f926-o1\" \/><input type=\"hidden\" name=\"_wpcf7_container_post\" value=\"0\" \/><input type=\"hidden\" name=\"_wpcf7_posted_data_hash\" value=\"\" \/>\n<\/fieldset>\n<div class=\"row\">\n\t<div class=\"col-lg-6 col-md-6 col-sm-12\">\n\t\t<div class=\"pxl--item\">\n\t\t\t<p><span class=\"wpcf7-form-control-wrap\" data-name=\"your-name\"><input size=\"40\" maxlength=\"400\" class=\"wpcf7-form-control wpcf7-text wpcf7-validates-as-required\" aria-required=\"true\" aria-invalid=\"false\" placeholder=\"Name*\" value=\"\" type=\"text\" name=\"your-name\" \/><\/span>\n\t\t\t<\/p>\n\t\t<\/div>\n\t<\/div>\n\t<div class=\"col-lg-6 col-md-6 col-sm-12\">\n\t\t<div class=\"pxl--item\">\n\t\t\t<p><span class=\"wpcf7-form-control-wrap\" data-name=\"your-phone\"><input size=\"40\" maxlength=\"400\" class=\"wpcf7-form-control wpcf7-text wpcf7-validates-as-required\" aria-required=\"true\" aria-invalid=\"false\" placeholder=\"Phone*\" value=\"\" type=\"text\" name=\"your-phone\" \/><\/span>\n\t\t\t<\/p>\n\t\t<\/div>\n\t<\/div>\n<\/div>\n<div class=\"row\">\n\t<div class=\"col-lg-12 col-md-12 col-sm-12\">\n\t\t<div class=\"pxl--item\">\n\t\t\t<p><span class=\"wpcf7-form-control-wrap\" data-name=\"your-email\"><input size=\"40\" maxlength=\"400\" class=\"wpcf7-form-control wpcf7-email wpcf7-validates-as-required wpcf7-text wpcf7-validates-as-email\" aria-required=\"true\" aria-invalid=\"false\" placeholder=\"E-mail*\" value=\"\" type=\"email\" name=\"your-email\" \/><\/span>\n\t\t\t<\/p>\n\t\t<\/div>\n\t<\/div>\n<\/div>\n<div class=\"pxl--item\">\n\t<p><span class=\"wpcf7-form-control-wrap\" data-name=\"your-message\"><textarea cols=\"40\" rows=\"10\" maxlength=\"2000\" class=\"wpcf7-form-control wpcf7-textarea wpcf7-validates-as-required\" aria-required=\"true\" aria-invalid=\"false\" placeholder=\"Message\" name=\"your-message\"><\/textarea><\/span>\n\t<\/p>\n<\/div>\n<div class=\"pxl--item pxl-text-left\">\n\t<p><button type=\"submit\" class=\"wpcf7-submit btn btn-skew\"><span>Send<\/span><\/button>\n\t<\/p>\n<\/div><div class=\"wpcf7-response-output\" aria-hidden=\"true\"><\/div>\n<input type=\"hidden\" name=\"trp-form-language\" value=\"en\"\/><\/form>\n<\/div>\n    <\/div>\r\n\t\t\t\t<\/div>\n\t\t\t\t<\/div>\n\t\t            <\/div>\r\n        <\/div>\r\n        \t\t\t<\/div>\n\t\t<\/section>\n\t\t\t\t<\/div>","protected":false},"excerpt":{"rendered":"<p>Scrie\u021bi-ne mesaj pe email info@moldvisa.md Telefona\u021bi pentru \u00eentreb\u0103ri 0795 22 670 Oficiul nostru Str. Alexandr Puskin 22, Chisinau, Moldova Contacteaz\u0103-ne Trimite<\/p>","protected":false},"author":1,"featured_media":0,"parent":0,"menu_order":0,"comment_status":"closed","ping_status":"closed","template":"","meta":{"footnotes":""},"class_list":["post-253","page","type-page","status-publish","hentry"],"yoast_head":"<!-- This site is optimized with the Yoast SEO plugin v27.2 - https:\/\/yoast.com\/product\/yoast-seo-wordpress\/ -->\n<title>Contacte - Moldvisa.md - agen\u021bie de consultan\u021b\u0103 \u00een domeniul solicit\u0103rii vizelor pentru Marea Britanie \u0219i Irlanda<\/title>\n<meta name=\"description\" content=\"Moldvisa - agen\u021bie de consultan\u021b\u0103 \u00een domeniul solicit\u0103rii vizelor pentru Marea Britanie \u0219i Irlanda\" \/>\n<meta name=\"robots\" content=\"index, follow, max-snippet:-1, max-image-preview:large, max-video-preview:-1\" \/>\n<link rel=\"canonical\" href=\"https:\/\/moldvisa.md\/en\/contacte\/\" \/>\n<meta property=\"og:locale\" content=\"en_GB\" \/>\n<meta property=\"og:type\" content=\"article\" \/>\n<meta property=\"og:title\" content=\"Contacte - Moldvisa.md - agen\u021bie de consultan\u021b\u0103 \u00een domeniul solicit\u0103rii vizelor pentru Marea Britanie \u0219i Irlanda\" \/>\n<meta property=\"og:description\" content=\"Moldvisa - agen\u021bie de consultan\u021b\u0103 \u00een domeniul solicit\u0103rii vizelor pentru Marea Britanie \u0219i Irlanda\" \/>\n<meta property=\"og:url\" content=\"https:\/\/moldvisa.md\/en\/contacte\/\" \/>\n<meta property=\"og:site_name\" content=\"Moldvisa.md\" \/>\n<meta property=\"article:publisher\" content=\"https:\/\/www.facebook.com\/moldvisa\" \/>\n<meta property=\"article:modified_time\" content=\"2025-11-14T23:08:08+00:00\" \/>\n<meta property=\"og:image\" content=\"http:\/\/moldvisa.md\/wp-content\/uploads\/2023\/10\/contact-banner1.jpg\" \/>\n<meta name=\"twitter:card\" content=\"summary_large_image\" \/>\n<script type=\"application\/ld+json\" class=\"yoast-schema-graph\">{\"@context\":\"https:\/\/schema.org\",\"@graph\":[{\"@type\":\"WebPage\",\"@id\":\"https:\/\/moldvisa.md\/contacte\/\",\"url\":\"https:\/\/moldvisa.md\/contacte\/\",\"name\":\"Contacte - Moldvisa.md - agen\u021bie de consultan\u021b\u0103 \u00een domeniul solicit\u0103rii vizelor pentru Marea Britanie \u0219i Irlanda\",\"isPartOf\":{\"@id\":\"https:\/\/moldvisa.md\/#website\"},\"primaryImageOfPage\":{\"@id\":\"https:\/\/moldvisa.md\/contacte\/#primaryimage\"},\"image\":{\"@id\":\"https:\/\/moldvisa.md\/contacte\/#primaryimage\"},\"thumbnailUrl\":\"http:\/\/moldvisa.md\/wp-content\/uploads\/2023\/10\/contact-banner1.jpg\",\"datePublished\":\"2023-10-20T02:48:35+00:00\",\"dateModified\":\"2025-11-14T23:08:08+00:00\",\"description\":\"Moldvisa - agen\u021bie de consultan\u021b\u0103 \u00een domeniul solicit\u0103rii vizelor pentru Marea Britanie \u0219i Irlanda\",\"breadcrumb\":{\"@id\":\"https:\/\/moldvisa.md\/contacte\/#breadcrumb\"},\"inLanguage\":\"en-GB\",\"potentialAction\":[{\"@type\":\"ReadAction\",\"target\":[\"https:\/\/moldvisa.md\/contacte\/\"]}]},{\"@type\":\"ImageObject\",\"inLanguage\":\"en-GB\",\"@id\":\"https:\/\/moldvisa.md\/contacte\/#primaryimage\",\"url\":\"http:\/\/moldvisa.md\/wp-content\/uploads\/2023\/10\/contact-banner1.jpg\",\"contentUrl\":\"http:\/\/moldvisa.md\/wp-content\/uploads\/2023\/10\/contact-banner1.jpg\"},{\"@type\":\"BreadcrumbList\",\"@id\":\"https:\/\/moldvisa.md\/contacte\/#breadcrumb\",\"itemListElement\":[{\"@type\":\"ListItem\",\"position\":1,\"name\":\"Home\",\"item\":\"https:\/\/moldvisa.md\/\"},{\"@type\":\"ListItem\",\"position\":2,\"name\":\"Contacte\"}]},{\"@type\":\"WebSite\",\"@id\":\"https:\/\/moldvisa.md\/#website\",\"url\":\"https:\/\/moldvisa.md\/\",\"name\":\"Moldvisa.md\",\"description\":\"Moldvisa - agen\u021bie de consultan\u021b\u0103 \u00een domeniul solicit\u0103rii vizelor pentru Marea Britanie \u0219i Irlanda\",\"publisher\":{\"@id\":\"https:\/\/moldvisa.md\/#organization\"},\"alternateName\":\"Moldvisa\",\"potentialAction\":[{\"@type\":\"SearchAction\",\"target\":{\"@type\":\"EntryPoint\",\"urlTemplate\":\"https:\/\/moldvisa.md\/?s={search_term_string}\"},\"query-input\":{\"@type\":\"PropertyValueSpecification\",\"valueRequired\":true,\"valueName\":\"search_term_string\"}}],\"inLanguage\":\"en-GB\"},{\"@type\":\"Organization\",\"@id\":\"https:\/\/moldvisa.md\/#organization\",\"name\":\"Moldvisa.md\",\"alternateName\":\"Moldvisa - agen\u021bie de consultan\u021b\u0103 \u00een domeniul solicit\u0103rii vizelor pentru Marea Britanie \u0219i Irlanda\",\"url\":\"https:\/\/moldvisa.md\/\",\"logo\":{\"@type\":\"ImageObject\",\"inLanguage\":\"en-GB\",\"@id\":\"https:\/\/moldvisa.md\/#\/schema\/logo\/image\/\",\"url\":\"https:\/\/moldvisa.md\/wp-content\/uploads\/2025\/10\/logo.jpg\",\"contentUrl\":\"https:\/\/moldvisa.md\/wp-content\/uploads\/2025\/10\/logo.jpg\",\"width\":1200,\"height\":1200,\"caption\":\"Moldvisa.md\"},\"image\":{\"@id\":\"https:\/\/moldvisa.md\/#\/schema\/logo\/image\/\"},\"sameAs\":[\"https:\/\/www.facebook.com\/moldvisa\",\"https:\/\/www.instagram.com\/moldvisa\/\",\"https:\/\/t.me\/+37379522670\",\"https:\/\/wa.me\/37379522670\"]}]}<\/script>\n<!-- \/ Yoast SEO plugin. -->","yoast_head_json":{"title":"Contacte - Moldvisa.md - agen\u021bie de consultan\u021b\u0103 \u00een domeniul solicit\u0103rii vizelor pentru Marea Britanie \u0219i Irlanda","description":"Moldvisa - agen\u021bie de consultan\u021b\u0103 \u00een domeniul solicit\u0103rii vizelor pentru Marea Britanie \u0219i Irlanda","robots":{"index":"index","follow":"follow","max-snippet":"max-snippet:-1","max-image-preview":"max-image-preview:large","max-video-preview":"max-video-preview:-1"},"canonical":"https:\/\/moldvisa.md\/en\/contacte\/","og_locale":"en_GB","og_type":"article","og_title":"Contacte - Moldvisa.md - agen\u021bie de consultan\u021b\u0103 \u00een domeniul solicit\u0103rii vizelor pentru Marea Britanie \u0219i Irlanda","og_description":"Moldvisa - agen\u021bie de consultan\u021b\u0103 \u00een domeniul solicit\u0103rii vizelor pentru Marea Britanie \u0219i Irlanda","og_url":"https:\/\/moldvisa.md\/en\/contacte\/","og_site_name":"Moldvisa.md","article_publisher":"https:\/\/www.facebook.com\/moldvisa","article_modified_time":"2025-11-14T23:08:08+00:00","og_image":[{"url":"http:\/\/moldvisa.md\/wp-content\/uploads\/2023\/10\/contact-banner1.jpg","type":"","width":"","height":""}],"twitter_card":"summary_large_image","schema":{"@context":"https:\/\/schema.org","@graph":[{"@type":"WebPage","@id":"https:\/\/moldvisa.md\/contacte\/","url":"https:\/\/moldvisa.md\/contacte\/","name":"Contacte - Moldvisa.md - agen\u021bie de consultan\u021b\u0103 \u00een domeniul solicit\u0103rii vizelor pentru Marea Britanie \u0219i Irlanda","isPartOf":{"@id":"https:\/\/moldvisa.md\/#website"},"primaryImageOfPage":{"@id":"https:\/\/moldvisa.md\/contacte\/#primaryimage"},"image":{"@id":"https:\/\/moldvisa.md\/contacte\/#primaryimage"},"thumbnailUrl":"http:\/\/moldvisa.md\/wp-content\/uploads\/2023\/10\/contact-banner1.jpg","datePublished":"2023-10-20T02:48:35+00:00","dateModified":"2025-11-14T23:08:08+00:00","description":"Moldvisa - agen\u021bie de consultan\u021b\u0103 \u00een domeniul solicit\u0103rii vizelor pentru Marea Britanie \u0219i Irlanda","breadcrumb":{"@id":"https:\/\/moldvisa.md\/contacte\/#breadcrumb"},"inLanguage":"en-GB","potentialAction":[{"@type":"ReadAction","target":["https:\/\/moldvisa.md\/contacte\/"]}]},{"@type":"ImageObject","inLanguage":"en-GB","@id":"https:\/\/moldvisa.md\/contacte\/#primaryimage","url":"http:\/\/moldvisa.md\/wp-content\/uploads\/2023\/10\/contact-banner1.jpg","contentUrl":"http:\/\/moldvisa.md\/wp-content\/uploads\/2023\/10\/contact-banner1.jpg"},{"@type":"BreadcrumbList","@id":"https:\/\/moldvisa.md\/contacte\/#breadcrumb","itemListElement":[{"@type":"ListItem","position":1,"name":"Home","item":"https:\/\/moldvisa.md\/"},{"@type":"ListItem","position":2,"name":"Contacte"}]},{"@type":"WebSite","@id":"https:\/\/moldvisa.md\/#website","url":"https:\/\/moldvisa.md\/","name":"Moldvisa.md","description":"Moldvisa - agen\u021bie de consultan\u021b\u0103 \u00een domeniul solicit\u0103rii vizelor pentru Marea Britanie \u0219i Irlanda","publisher":{"@id":"https:\/\/moldvisa.md\/#organization"},"alternateName":"Moldvisa","potentialAction":[{"@type":"SearchAction","target":{"@type":"EntryPoint","urlTemplate":"https:\/\/moldvisa.md\/?s={search_term_string}"},"query-input":{"@type":"PropertyValueSpecification","valueRequired":true,"valueName":"search_term_string"}}],"inLanguage":"en-GB"},{"@type":"Organization","@id":"https:\/\/moldvisa.md\/#organization","name":"Moldvisa.md","alternateName":"Moldvisa - agen\u021bie de consultan\u021b\u0103 \u00een domeniul solicit\u0103rii vizelor pentru Marea Britanie \u0219i Irlanda","url":"https:\/\/moldvisa.md\/","logo":{"@type":"ImageObject","inLanguage":"en-GB","@id":"https:\/\/moldvisa.md\/#\/schema\/logo\/image\/","url":"https:\/\/moldvisa.md\/wp-content\/uploads\/2025\/10\/logo.jpg","contentUrl":"https:\/\/moldvisa.md\/wp-content\/uploads\/2025\/10\/logo.jpg","width":1200,"height":1200,"caption":"Moldvisa.md"},"image":{"@id":"https:\/\/moldvisa.md\/#\/schema\/logo\/image\/"},"sameAs":["https:\/\/www.facebook.com\/moldvisa","https:\/\/www.instagram.com\/moldvisa\/","https:\/\/t.me\/+37379522670","https:\/\/wa.me\/37379522670"]}]}},"_links":{"self":[{"href":"https:\/\/moldvisa.md\/en\/wp-json\/wp\/v2\/pages\/253","targetHints":{"allow":["GET"]}}],"collection":[{"href":"https:\/\/moldvisa.md\/en\/wp-json\/wp\/v2\/pages"}],"about":[{"href":"https:\/\/moldvisa.md\/en\/wp-json\/wp\/v2\/types\/page"}],"author":[{"embeddable":true,"href":"https:\/\/moldvisa.md\/en\/wp-json\/wp\/v2\/users\/1"}],"replies":[{"embeddable":true,"href":"https:\/\/moldvisa.md\/en\/wp-json\/wp\/v2\/comments?post=253"}],"version-history":[{"count":0,"href":"https:\/\/moldvisa.md\/en\/wp-json\/wp\/v2\/pages\/253\/revisions"}],"wp:attachment":[{"href":"https:\/\/moldvisa.md\/en\/wp-json\/wp\/v2\/media?parent=253"}],"curies":[{"name":"wp","href":"https:\/\/api.w.org\/{rel}","templated":true}]}}